{"id":9995,"date":"2025-02-15T12:03:32","date_gmt":"2025-02-15T12:03:32","guid":{"rendered":"https:\/\/boodaville.org\/home\/"},"modified":"2026-03-16T08:36:07","modified_gmt":"2026-03-16T08:36:07","slug":"home","status":"publish","type":"page","link":"https:\/\/boodaville.org\/es\/","title":{"rendered":"Home"},"content":{"rendered":"\n<div id=\"wp-block-themeisle-blocks-advanced-columns-e1ca32e1\" class=\"wp-block-themeisle-blocks-advanced-columns alignfull has-1-columns has-desktop-equal-layout has-tablet-equal-layout has-mobile-equal-layout has-vertical-unset\"><div class=\"wp-block-themeisle-blocks-advanced-columns-overlay\"><\/div><div class=\"innerblocks-wrap\">\n<div id=\"wp-block-themeisle-blocks-advanced-column-65b5ef21\" class=\"wp-block-themeisle-blocks-advanced-column\">\n<h1 id=\"wp-block-themeisle-blocks-advanced-heading-bb0c2df7\" class=\"wp-block-themeisle-blocks-advanced-heading wp-block-themeisle-blocks-advanced-heading-bb0c2df7\">Permacultura, Dise\u00f1o Ecosocial, Culturas Regenerativas <\/h1>\n\n\n\n<h4 class=\"wp-block-heading has-text-align-center has-white-color has-text-color\">\u00b7 Viviendo la permacultura desde 2010 \u00b7<\/h4>\n<\/div>\n<\/div><\/div>\n\n\n\n<p><\/p>\n\n\n\n<p>La Asociaci\u00f3n Boodaville ofrece oportunidades para aprender sobre permacultura, ecolog\u00eda y dise\u00f1o de culturas regenerativas. Gestionamos un centro de demostraci\u00f3n y estamos desarrollando un proyecto territorial en la comarca espa\u00f1ola del Matarranya, a 2,5 horas de Barcelona. Tambi\u00e9n coordinamos proyectos de la UE con el Cuerpo Europeo de Solidaridad y los programas Erasmus+. <\/p>\n\n\n\n<section id=\"wp-block-themeisle-blocks-advanced-columns-a5663609\" class=\"wp-block-themeisle-blocks-advanced-columns alignfull has-1-columns has-desktop-equal-layout has-tablet-equal-layout has-mobile-equal-layout has-vertical-flex-start has-light-bg\"><div class=\"wp-block-themeisle-blocks-advanced-columns-overlay\"><\/div><div class=\"innerblocks-wrap\">\n<div id=\"wp-block-themeisle-blocks-advanced-column-4c4fd106\" class=\"wp-block-themeisle-blocks-advanced-column\">\n<section id=\"wp-block-themeisle-blocks-advanced-columns-fd016a8d\" class=\"wp-block-themeisle-blocks-advanced-columns has-1-columns has-desktop-equal-layout has-tablet-equal-layout has-mobile-equal-layout has-vertical-flex-start\"><div class=\"wp-block-themeisle-blocks-advanced-columns-overlay\"><\/div><div class=\"innerblocks-wrap\">\n<div id=\"wp-block-themeisle-blocks-advanced-column-f40f697f\" class=\"wp-block-themeisle-blocks-advanced-column\"><\/div>\n<\/div><\/section>\n\n\n\n<section id=\"wp-block-themeisle-blocks-advanced-columns-0eb219a1\" class=\"wp-block-themeisle-blocks-advanced-columns has-2-columns has-desktop-equal-layout has-tablet-equal-layout has-mobile-collapsedRows-layout has-vertical-flex-start\"><div class=\"wp-block-themeisle-blocks-advanced-columns-overlay\"><\/div><div class=\"innerblocks-wrap\">\n<div id=\"wp-block-themeisle-blocks-advanced-column-dce98669\" class=\"wp-block-themeisle-blocks-advanced-column has-light-bg\">\n<h3 class=\"wp-block-heading has-text-align-center has-text-color has-link-color wp-elements-20e0f3bd8b9373da8e47cb0b6411b7cf\" style=\"color:#080808\">\u00a1Consulta todas las oportunidades 2026 abiertas para ti!<\/h3>\n\n\n\n<div class=\"wp-block-buttons is-horizontal is-content-justification-center is-layout-flex wp-container-core-buttons-is-layout-499968f5 wp-block-buttons-is-layout-flex\">\n<div class=\"wp-block-button is-style-primary\"><a class=\"wp-block-button__link has-text-color has-background has-link-color wp-element-button\" href=\"https:\/\/boodaville.org\/es\/oportunidades\/\" style=\"border-radius:22px;color:#080808;background-color:#f0a733\" target=\"_blank\" rel=\"noreferrer noopener\">Leer m\u00e1s<\/a><\/div>\n<\/div>\n<\/div>\n\n\n\n<div id=\"wp-block-themeisle-blocks-advanced-column-840de2b2\" class=\"wp-block-themeisle-blocks-advanced-column has-light-bg\">\n<h3 class=\"wp-block-heading has-text-align-center has-text-color has-link-color wp-elements-76fbd52f777c7f0429a7899e42b9330d\" style=\"color:#080808\">\u00a1Empieza 2026 con nosotros! Del 2 al 4 de enero es nuestro pr\u00f3ximo Fin de Semana Regenerativo. <\/h3>\n\n\n\n<div class=\"wp-block-buttons is-horizontal is-content-justification-center is-layout-flex wp-container-core-buttons-is-layout-499968f5 wp-block-buttons-is-layout-flex\">\n<div class=\"wp-block-button is-style-primary\"><a class=\"wp-block-button__link has-text-color has-background has-link-color wp-element-button\" href=\"https:\/\/boodaville.org\/es\/findes-regenerativos\/\" style=\"border-radius:22px;color:#080808;background-color:#f0a733\">Leer m\u00e1s<\/a><\/div>\n<\/div>\n<\/div>\n<\/div><\/section>\n<\/div>\n<\/div><\/section>\n\n\n\n<div id=\"wp-block-themeisle-blocks-advanced-columns-78862faf\" class=\"wp-block-themeisle-blocks-advanced-columns has-1-columns has-desktop-equal-layout has-tablet-equal-layout has-mobile-equal-layout has-vertical-unset\"><div class=\"wp-block-themeisle-blocks-advanced-columns-overlay\"><\/div><div class=\"innerblocks-wrap\">\n<div id=\"wp-block-themeisle-blocks-advanced-column-45987b66\" class=\"wp-block-themeisle-blocks-advanced-column\">\n<p><\/p>\n\n\n\n<h1 class=\"wp-block-heading has-text-align-center\">Recursos que ofrece nuestra asociaci\u00f3n<\/h1>\n<\/div>\n<\/div><\/div>\n\n\n\n<div id=\"wp-block-themeisle-blocks-advanced-columns-0756495c\" class=\"wp-block-themeisle-blocks-advanced-columns alignfull has-4-columns has-desktop-equal-layout has-tablet-equal-layout has-mobile-collapsedRows-layout has-vertical-unset has-light-bg\"><div class=\"wp-block-themeisle-blocks-advanced-columns-overlay\"><\/div><div class=\"innerblocks-wrap\">\n<div id=\"wp-block-themeisle-blocks-advanced-column-6e902b2a\" class=\"wp-block-themeisle-blocks-advanced-column has-light-bg\">\n<figure class=\"wp-block-image size-large has-custom-border\"><img loading=\"lazy\" decoding=\"async\" width=\"1220\" height=\"686\" src=\"https:\/\/boodaville.org\/wp-content\/uploads\/2025\/01\/Conversations-Anna-and-Sam-edited-1.jpeg\" alt=\"\" class=\"wp-image-8719\" style=\"border-style:none;border-width:0px;border-radius:0px\" srcset=\"https:\/\/boodaville.org\/wp-content\/uploads\/2025\/01\/Conversations-Anna-and-Sam-edited-1.jpeg 1220w, https:\/\/boodaville.org\/wp-content\/uploads\/2025\/01\/Conversations-Anna-and-Sam-edited-1-300x169.jpeg 300w, https:\/\/boodaville.org\/wp-content\/uploads\/2025\/01\/Conversations-Anna-and-Sam-edited-1-1024x576.jpeg 1024w, https:\/\/boodaville.org\/wp-content\/uploads\/2025\/01\/Conversations-Anna-and-Sam-edited-1-768x432.jpeg 768w\" sizes=\"auto, (max-width: 1220px) 100vw, 1220px\" \/><\/figure>\n\n\n\n<div id=\"wp-block-themeisle-blocks-advanced-columns-e37edc14\" class=\"wp-block-themeisle-blocks-advanced-columns has-1-columns has-desktop-equal-layout has-tablet-equal-layout has-mobile-equal-layout has-vertical-unset\"><div class=\"wp-block-themeisle-blocks-advanced-columns-overlay\"><\/div><div class=\"innerblocks-wrap\">\n<div id=\"wp-block-themeisle-blocks-advanced-column-7030cb7b\" class=\"wp-block-themeisle-blocks-advanced-column\">\n<h4 class=\"wp-block-heading has-text-color has-link-color wp-elements-c5962b31e47d316aa44fb9f268625ab9\" style=\"color:#070731\">Equipo experimentado<\/h4>\n\n\n\n<p class=\"has-text-color has-link-color wp-elements-808a4fb2f1803a2029416213856fa70c\" style=\"color:#070731\">Aprende junto a personas con a\u00f1os de experiencia pr\u00e1ctica y formaci\u00f3n en permacultura, ecolog\u00eda, microbiolog\u00eda del suelo, agricultura regenerativa, manejo de animales, bioconstrucci\u00f3n y m\u00e1s.<\/p>\n\n\n\n<p class=\"has-nv-c-2-color has-text-color has-link-color wp-elements-73a31335179db12f7caa28891731baac\"><strong><a href=\"https:\/\/boodaville.org\/es\/\" target=\"_blank\" rel=\"noreferrer noopener\">LEER M\u00c1S SOBRE NOSOTR@S<\/a><\/strong><\/p>\n<\/div>\n<\/div><\/div>\n<\/div>\n\n\n\n<div id=\"wp-block-themeisle-blocks-advanced-column-33e99253\" class=\"wp-block-themeisle-blocks-advanced-column has-light-bg\">\n<figure class=\"wp-block-image size-full is-resized has-custom-border\"><img loading=\"lazy\" decoding=\"async\" width=\"214\" height=\"120\" src=\"https:\/\/boodaville.org\/wp-content\/uploads\/2025\/02\/Picture-4-edited.jpg\" alt=\"\" class=\"wp-image-9968\" style=\"border-style:none;border-width:0px;border-radius:0px;width:242px;height:auto\"\/><\/figure>\n\n\n\n<div id=\"wp-block-themeisle-blocks-advanced-columns-ada2687f\" class=\"wp-block-themeisle-blocks-advanced-columns has-1-columns has-desktop-equal-layout has-tablet-equal-layout has-mobile-equal-layout has-vertical-unset\"><div class=\"wp-block-themeisle-blocks-advanced-columns-overlay\"><\/div><div class=\"innerblocks-wrap\">\n<div id=\"wp-block-themeisle-blocks-advanced-column-00013bfb\" class=\"wp-block-themeisle-blocks-advanced-column\">\n<h4 class=\"wp-block-heading has-text-color has-link-color wp-elements-c512ca747655b710e3414c1638206ec7\" style=\"color:#070731\">Sitio de demostraci\u00f3n<\/h4>\n\n\n\n<p class=\"has-text-color has-link-color wp-elements-cca5677c473e009040fc99b41074f58a\" style=\"color:#070731\">M\u00e1s de 12 a\u00f1os de infraestructura permiten a los visitantes experimentar el cultivo, la alimentaci\u00f3n, la bebida, la limpieza y la convivencia de manera c\u00f3moda, aplicando principios de permacultura, adem\u00e1s de comprender lo que se necesita para mantenerla y desarrollarla.<\/p>\n\n\n\n<p class=\"has-nv-c-2-color has-text-color has-link-color wp-elements-6fc0c2dd43b2941ffcc0a06a343f9091\"><a href=\"https:\/\/docs.google.com\/forms\/d\/e\/1FAIpQLScwNiIVRljJlxCqc05wBUKk24tJuWshgrqf0qeqLr-K_bhZZQ\/viewform?usp=preview\" target=\"_blank\" rel=\"noreferrer noopener\"><strong>VEN A VISITARNOS<\/strong><\/a><\/p>\n<\/div>\n<\/div><\/div>\n<\/div>\n\n\n\n<div id=\"wp-block-themeisle-blocks-advanced-column-97d4d863\" class=\"wp-block-themeisle-blocks-advanced-column has-light-bg\">\n<figure class=\"wp-block-image size-large has-custom-border\"><img loading=\"lazy\" decoding=\"async\" width=\"1024\" height=\"576\" src=\"https:\/\/boodaville.org\/wp-content\/uploads\/2025\/01\/photo_2023-11-28-15.51.47-edited-1024x576.jpeg\" alt=\"\" class=\"wp-image-9865\" style=\"border-style:none;border-width:0px;border-radius:0px\" srcset=\"https:\/\/boodaville.org\/wp-content\/uploads\/2025\/01\/photo_2023-11-28-15.51.47-edited-1024x576.jpeg 1024w, https:\/\/boodaville.org\/wp-content\/uploads\/2025\/01\/photo_2023-11-28-15.51.47-edited-300x169.jpeg 300w, https:\/\/boodaville.org\/wp-content\/uploads\/2025\/01\/photo_2023-11-28-15.51.47-edited-768x432.jpeg 768w, https:\/\/boodaville.org\/wp-content\/uploads\/2025\/01\/photo_2023-11-28-15.51.47-edited.jpeg 1280w\" sizes=\"auto, (max-width: 1024px) 100vw, 1024px\" \/><\/figure>\n\n\n\n<div id=\"wp-block-themeisle-blocks-advanced-columns-52b70549\" class=\"wp-block-themeisle-blocks-advanced-columns has-1-columns has-desktop-equal-layout has-tablet-equal-layout has-mobile-equal-layout has-vertical-unset\"><div class=\"wp-block-themeisle-blocks-advanced-columns-overlay\"><\/div><div class=\"innerblocks-wrap\">\n<div id=\"wp-block-themeisle-blocks-advanced-column-25f334b8\" class=\"wp-block-themeisle-blocks-advanced-column\">\n<h4 class=\"wp-block-heading has-text-color has-link-color wp-elements-159f80223de0f8898d71e20db139d1ff\" style=\"color:#070731\">Findes regenerativos<\/h4>\n\n\n\n<p class=\"has-text-color has-link-color wp-elements-c2e10745bac9a692de6cb0ff30e877db\" style=\"color:#070731\"><span class=\"highlight\"><mark style=\"background-color:rgba(0, 0, 0, 0)\" class=\"has-inline-color has-nv-c-2-color\"><strong>\u00a1El pr\u00f3ximo fin de semana es del 13 al 15 de marzo!<\/strong> <\/mark><\/span>Obt\u00e9n una introducci\u00f3n en profundidad a nuestro emplazamiento, alrededores, historia, red y planes. Aprende la teor\u00eda en la que se basa nuestro trabajo en el vi\u00f1edo abandonado, practica y luego come, nada o camina.<\/p>\n\n\n\n<p class=\"has-nv-c-2-color has-text-color has-link-color wp-elements-ec32c8e4deca8262a2628d2862ca33a6\"><span style=\"text-decoration: underline;\"><strong><a href=\"https:\/\/boodaville.org\/es\/findes-regenerativos\/\" target=\"_blank\" rel=\"noreferrer noopener\">DESCUBRE M\u00c1S<\/a><\/strong><\/span><\/p>\n<\/div>\n<\/div><\/div>\n<\/div>\n\n\n\n<div id=\"wp-block-themeisle-blocks-advanced-column-12d263fb\" class=\"wp-block-themeisle-blocks-advanced-column has-light-bg\">\n<figure class=\"wp-block-image size-large has-custom-border\"><img loading=\"lazy\" decoding=\"async\" width=\"1280\" height=\"720\" src=\"https:\/\/boodaville.org\/wp-content\/uploads\/2025\/01\/photo_10_2024-05-07_13-36-04-edited.jpg\" alt=\"\" class=\"wp-image-8731\" style=\"border-style:none;border-width:0px;border-radius:0px\" srcset=\"https:\/\/boodaville.org\/wp-content\/uploads\/2025\/01\/photo_10_2024-05-07_13-36-04-edited.jpg 1280w, https:\/\/boodaville.org\/wp-content\/uploads\/2025\/01\/photo_10_2024-05-07_13-36-04-edited-300x169.jpg 300w, https:\/\/boodaville.org\/wp-content\/uploads\/2025\/01\/photo_10_2024-05-07_13-36-04-edited-1024x576.jpg 1024w, https:\/\/boodaville.org\/wp-content\/uploads\/2025\/01\/photo_10_2024-05-07_13-36-04-edited-768x432.jpg 768w\" sizes=\"auto, (max-width: 1280px) 100vw, 1280px\" \/><\/figure>\n\n\n\n<div id=\"wp-block-themeisle-blocks-advanced-columns-3c9a7e4a\" class=\"wp-block-themeisle-blocks-advanced-columns has-1-columns has-desktop-equal-layout has-tablet-equal-layout has-mobile-equal-layout has-vertical-unset\"><div class=\"wp-block-themeisle-blocks-advanced-columns-overlay\"><\/div><div class=\"innerblocks-wrap\">\n<div id=\"wp-block-themeisle-blocks-advanced-column-fe19873f\" class=\"wp-block-themeisle-blocks-advanced-column\">\n<h4 class=\"wp-block-heading has-text-color has-link-color wp-elements-fc6bf271534ebad27d2233d8b7364190\" style=\"color:#070731\">Red extensiva<\/h4>\n\n\n\n<p class=\"has-text-color has-link-color wp-elements-5ee647a304f02177220fabda8bc7fe00\" style=\"color:#070731\">Obt\u00e9n acceso para ti o tu organizaci\u00f3n a una amplia variedad de experiencias pr\u00e1cticas y conocimientos a trav\u00e9s de la red de personas y proyectos que hemos cultivado durante m\u00e1s de una d\u00e9cada.<\/p>\n\n\n\n<p class=\"has-nv-c-2-color has-text-color has-link-color wp-elements-78e828ecb09b2046006a35119e0b8cdc\"><a href=\"https:\/\/boodaville.org\/annas-european-adventure-learning-connecting-and-growing\/\" target=\"_blank\" rel=\"noreferrer noopener\"><strong>CONECCIONES NUEVAS<\/strong><\/a><\/p>\n<\/div>\n<\/div><\/div>\n<\/div>\n<\/div><\/div>\n\n\n\n<div id=\"wp-block-themeisle-blocks-advanced-columns-02d86e0d\" class=\"wp-block-themeisle-blocks-advanced-columns alignfull has-1-columns has-desktop-equal-layout has-tablet-equal-layout has-mobile-collapsedRows-layout has-vertical-center ticss-c00aadba\"><div class=\"wp-block-themeisle-blocks-advanced-columns-overlay\"><\/div><div class=\"innerblocks-wrap\">\n<div id=\"wp-block-themeisle-blocks-advanced-column-853c0cd5\" class=\"wp-block-themeisle-blocks-advanced-column\">\n<p id=\"wp-block-themeisle-blocks-advanced-heading-15dd99e6\" class=\"wp-block-themeisle-blocks-advanced-heading wp-block-themeisle-blocks-advanced-heading-15dd99e6\">\u00abNunca cambias las cosas luchando contra la realidad existente.<br>Para cambiar algo, construye un nuevo modelo<br>que haga obsoleto el modelo existente.\u00bb<\/p>\n\n\n\n<p id=\"wp-block-themeisle-blocks-advanced-heading-0d3c3162\" class=\"wp-block-themeisle-blocks-advanced-heading wp-block-themeisle-blocks-advanced-heading-0d3c3162\"><strong>Buckminster Fuller<\/strong><\/p>\n<\/div>\n<\/div><\/div>\n\n\n\n<div id=\"wp-block-themeisle-blocks-advanced-columns-a2946a77\" class=\"wp-block-themeisle-blocks-advanced-columns alignfull has-2-columns has-desktop-equal-layout has-tablet-equal-layout has-mobile-collapsedRows-layout has-vertical-center ticss-a2946a77 has-dark-bg\"><div class=\"wp-block-themeisle-blocks-advanced-columns-overlay\"><\/div><div class=\"innerblocks-wrap\">\n<div id=\"wp-block-themeisle-blocks-advanced-column-bbddf55b\" class=\"wp-block-themeisle-blocks-advanced-column\"><div class=\"wp-block-image\">\n<figure class=\"aligncenter size-full\"><img loading=\"lazy\" decoding=\"async\" width=\"768\" height=\"512\" src=\"https:\/\/boodaville.org\/wp-content\/uploads\/2024\/11\/home-page-foto-1-instead-of-house-1-768x512-2.jpg\" alt=\"\" class=\"wp-image-40\" srcset=\"https:\/\/boodaville.org\/wp-content\/uploads\/2024\/11\/home-page-foto-1-instead-of-house-1-768x512-2.jpg 768w, https:\/\/boodaville.org\/wp-content\/uploads\/2024\/11\/home-page-foto-1-instead-of-house-1-768x512-2-300x200.jpg 300w\" sizes=\"auto, (max-width: 768px) 100vw, 768px\" \/><\/figure>\n<\/div><\/div>\n\n\n\n<div id=\"wp-block-themeisle-blocks-advanced-column-92b2db05\" class=\"wp-block-themeisle-blocks-advanced-column\">\n<p id=\"wp-block-themeisle-blocks-advanced-heading-82f63cc5\" class=\"wp-block-themeisle-blocks-advanced-heading wp-block-themeisle-blocks-advanced-heading-82f63cc5\"><\/p>\n\n\n\n<h2 id=\"wp-block-themeisle-blocks-advanced-heading-8f1f2647\" class=\"wp-block-themeisle-blocks-advanced-heading wp-block-themeisle-blocks-advanced-heading-8f1f2647\">Crear, collaborar o aprender con nosotr@s<\/h2>\n\n\n\n<p class=\"has-white-color has-text-color\">\u00a1Nos encanta compartir nuestros recursos! Estas son algunas de las formas habituales en las que las personas y los proyectos colaboran con nosotr@s: <\/p>\n\n\n\n<ul class=\"wp-block-list\">\n<li>Asiste a un Fin de Semana Regenerativo para conocer a fondo la historia y la visita a nuestro emplazamiento y alrededores, aprender la teor\u00eda que hay detr\u00e1s de las intervenciones agr\u00edcolas estacionales que estamos realizando, probar algunas de ellas de forma pr\u00e1ctica, y luego disfrutar con nosotros de actividades sociales en la naturaleza o en pueblos cercanos.<\/li>\n\n\n\n<li>Ap\u00fantate a un fin de semana de permacultura viviente o a una visita guiada a Boodaville, ayuda en los trabajos que mantienen y desarrollan el dise\u00f1o del lugar seg\u00fan los principios de la permacultura.<\/li>\n\n\n\n<li>Encontramos plazas para j\u00f3venes voluntarios financiados en experiencias de aprendizaje inmersivas en nuestro sitio o en proyectos asociados.<\/li>\n\n\n\n<li>Invita a nuestro equipo a ofrecer talleres o cursos en tu evento.<\/li>\n\n\n\n<li>Solicita utilizar nuestro sitio de demostraci\u00f3n de permacultura o las terrazas de vi\u00f1edos, olivos y almendros circundantes para la experiencia educativa de tu organizaci\u00f3n.<\/li>\n\n\n\n<li>Obt\u00e9n el apoyo de la entidad legal de nuestra asociaci\u00f3n para conseguir financiaci\u00f3n para tu proyecto.<\/li>\n\n\n\n<li>\u00danete a uno de nuestros programas para j\u00f3venes.<\/li>\n\n\n\n<li>Invitarnos a colaborar en un proyecto KA2 de Erasmus+.<\/li>\n\n\n\n<li>Apoya nuestra campa\u00f1a de recaudaci\u00f3n de fondos para COMPRAR el vi\u00f1edo y convertirnos en agricultores regenerativos productivos (Rovira Regenerativa).<\/li>\n\n\n\n<li>Sigue las noticias y comentarios de Lou en la <a href=\"https:\/\/boodaville.org\/es\/blog\/\">entrada semanal del blog de los viernes<\/a>: la categor\u00eda On Fridays I Write (OFIW).<\/li>\n<\/ul>\n\n\n\n<div class=\"wp-block-buttons is-layout-flex wp-block-buttons-is-layout-flex\">\n<div class=\"wp-block-button is-style-primary\"><a class=\"wp-block-button__link wp-element-button\" href=\"https:\/\/boodaville.org\/es\/ponte-en-contacto-con\/\" target=\"_blank\" rel=\"noreferrer noopener\">Contactar<\/a><\/div>\n<\/div>\n<\/div>\n<\/div><\/div>\n\n\n\n<p><\/p>\n\n\n\n<figure class=\"wp-block-embed is-type-video is-provider-youtube wp-block-embed-youtube wp-embed-aspect-16-9 wp-has-aspect-ratio\"><div class=\"wp-block-embed__wrapper\">\n<div class=\"nv-iframe-embed\"><iframe loading=\"lazy\" title=\"What is Boodaville?\" width=\"1200\" height=\"675\" src=\"https:\/\/www.youtube.com\/embed\/h0LNnDIEGMQ?feature=oembed\" frameborder=\"0\" allow=\"accelerometer; autoplay; clipboard-write; encrypted-media; gyroscope; picture-in-picture; web-share\" referrerpolicy=\"strict-origin-when-cross-origin\" allowfullscreen><\/iframe><\/div>\n<\/div><\/figure>\n\n\n\n<p><\/p>\n\n\n\n<div id=\"wp-block-themeisle-blocks-advanced-columns-e905fa14\" class=\"wp-block-themeisle-blocks-advanced-columns alignfull has-2-columns has-desktop-equal-layout has-tablet-equal-layout has-mobile-collapsedRows-layout has-vertical-unset has-light-bg\"><div class=\"wp-block-themeisle-blocks-advanced-columns-overlay\"><\/div><div class=\"innerblocks-wrap\">\n<div id=\"wp-block-themeisle-blocks-advanced-column-7cd12342\" class=\"wp-block-themeisle-blocks-advanced-column has-light-bg\">\n<div id=\"wp-block-themeisle-blocks-advanced-columns-ec06c0aa\" class=\"wp-block-themeisle-blocks-advanced-columns has-1-columns has-desktop-equal-layout has-tablet-equal-layout has-mobile-equal-layout has-vertical-unset\"><div class=\"wp-block-themeisle-blocks-advanced-columns-overlay\"><\/div><div class=\"innerblocks-wrap\">\n<div id=\"wp-block-themeisle-blocks-advanced-column-dc550380\" class=\"wp-block-themeisle-blocks-advanced-column\">\n<h4 class=\"wp-block-heading has-text-color has-link-color wp-elements-144a7991d7dae9101d51d2cab8adac26\" style=\"color:#070731\">Dise\u00f1o Eco<\/h4>\n\n\n\n<p class=\"has-text-color has-link-color wp-elements-5ed5df8f29d35daaa3b26b342250134b\" style=\"color:#070731\">La permacultura es un marco de dise\u00f1o \u00e9tico que nos conduce a un modo de vida ecol\u00f3gicamente sano. Inspirada en la naturaleza, la permacultura nos permite desarrollar sistemas eficientes y productivos que pueden ser utilizados por cualquiera, en cualquier lugar de nuestros hogares, jardines, comunidades y empresas. <\/p>\n<\/div>\n<\/div><\/div>\n\n\n\n<figure class=\"wp-block-image size-full has-custom-border\"><img loading=\"lazy\" decoding=\"async\" width=\"2250\" height=\"2250\" src=\"https:\/\/boodaville.org\/wp-content\/uploads\/2024\/12\/circle-01-2.jpg\" alt=\"\" class=\"wp-image-77\" style=\"border-style:none;border-width:0px;border-radius:0px\" srcset=\"https:\/\/boodaville.org\/wp-content\/uploads\/2024\/12\/circle-01-2.jpg 2250w, https:\/\/boodaville.org\/wp-content\/uploads\/2024\/12\/circle-01-2-300x300.jpg 300w, https:\/\/boodaville.org\/wp-content\/uploads\/2024\/12\/circle-01-2-1024x1024.jpg 1024w, https:\/\/boodaville.org\/wp-content\/uploads\/2024\/12\/circle-01-2-150x150.jpg 150w, https:\/\/boodaville.org\/wp-content\/uploads\/2024\/12\/circle-01-2-768x768.jpg 768w, https:\/\/boodaville.org\/wp-content\/uploads\/2024\/12\/circle-01-2-1536x1536.jpg 1536w, https:\/\/boodaville.org\/wp-content\/uploads\/2024\/12\/circle-01-2-2048x2048.jpg 2048w\" sizes=\"auto, (max-width: 2250px) 100vw, 2250px\" \/><\/figure>\n<\/div>\n\n\n\n<div id=\"wp-block-themeisle-blocks-advanced-column-97f48c99\" class=\"wp-block-themeisle-blocks-advanced-column has-light-bg\">\n<div id=\"wp-block-themeisle-blocks-advanced-columns-4827e467\" class=\"wp-block-themeisle-blocks-advanced-columns has-1-columns has-desktop-equal-layout has-tablet-equal-layout has-mobile-equal-layout has-vertical-unset\"><div class=\"wp-block-themeisle-blocks-advanced-columns-overlay\"><\/div><div class=\"innerblocks-wrap\">\n<div id=\"wp-block-themeisle-blocks-advanced-column-cb850818\" class=\"wp-block-themeisle-blocks-advanced-column\">\n<h4 class=\"wp-block-heading has-text-color has-link-color wp-elements-cb72c46fbea498d6c51b77071c4850b3\" style=\"color:#070731\">Cambio Positivo<\/h4>\n\n\n\n<p class=\"has-text-color has-link-color wp-elements-9ef5786d1754dd3a4b2a6f6b5a601433\" style=\"color:#070731\">Al afrontar el colapso ecol\u00f3gico de nuestro mundo natural, podemos utilizar estos principios de cooperaci\u00f3n con la naturaleza y cuidar la tierra y su gente para crear culturas regenerativas y cambios positivos.<\/p>\n<\/div>\n<\/div><\/div>\n\n\n\n<figure class=\"wp-block-image size-full has-custom-border\"><img loading=\"lazy\" decoding=\"async\" width=\"834\" height=\"834\" src=\"https:\/\/boodaville.org\/wp-content\/uploads\/2024\/12\/circles-01.png\" alt=\"\" class=\"wp-image-57\" style=\"border-style:none;border-width:0px;border-radius:0px\" srcset=\"https:\/\/boodaville.org\/wp-content\/uploads\/2024\/12\/circles-01.png 834w, https:\/\/boodaville.org\/wp-content\/uploads\/2024\/12\/circles-01-300x300.png 300w, https:\/\/boodaville.org\/wp-content\/uploads\/2024\/12\/circles-01-150x150.png 150w, https:\/\/boodaville.org\/wp-content\/uploads\/2024\/12\/circles-01-768x768.png 768w\" sizes=\"auto, (max-width: 834px) 100vw, 834px\" \/><\/figure>\n<\/div>\n<\/div><\/div>\n\n\n\n<p><\/p>\n","protected":false},"excerpt":{"rendered":"<p>La Asociaci\u00f3n Boodaville ofrece oportunidades para aprender sobre permacultura, ecolog\u00eda y dise\u00f1o de culturas regenerativas. Gestionamos un centro de demostraci\u00f3n y estamos desarrollando un proyecto territorial en la comarca espa\u00f1ola del Matarranya, a 2,5 horas de Barcelona. Tambi\u00e9n coordinamos proyectos de la UE con el Cuerpo Europeo de Solidaridad y los programas Erasmus+.<\/p>\n","protected":false},"author":3,"featured_media":0,"parent":0,"menu_order":0,"comment_status":"closed","ping_status":"closed","template":"","meta":{"om_disable_all_campaigns":false,"_monsterinsights_skip_tracking":false,"_monsterinsights_sitenote_active":false,"_monsterinsights_sitenote_note":"","_monsterinsights_sitenote_category":0,"neve_meta_sidebar":"","neve_meta_container":"","neve_meta_enable_content_width":"","neve_meta_content_width":0,"neve_meta_title_alignment":"","neve_meta_author_avatar":"","neve_post_elements_order":"","neve_meta_disable_header":"","neve_meta_disable_footer":"","neve_meta_disable_title":"","_themeisle_gutenberg_block_has_review":false,"footnotes":""},"class_list":["post-9995","page","type-page","status-publish","hentry"],"aioseo_notices":[],"_links":{"self":[{"href":"https:\/\/boodaville.org\/es\/wp-json\/wp\/v2\/pages\/9995","targetHints":{"allow":["GET"]}}],"collection":[{"href":"https:\/\/boodaville.org\/es\/wp-json\/wp\/v2\/pages"}],"about":[{"href":"https:\/\/boodaville.org\/es\/wp-json\/wp\/v2\/types\/page"}],"author":[{"embeddable":true,"href":"https:\/\/boodaville.org\/es\/wp-json\/wp\/v2\/users\/3"}],"replies":[{"embeddable":true,"href":"https:\/\/boodaville.org\/es\/wp-json\/wp\/v2\/comments?post=9995"}],"version-history":[{"count":27,"href":"https:\/\/boodaville.org\/es\/wp-json\/wp\/v2\/pages\/9995\/revisions"}],"predecessor-version":[{"id":11591,"href":"https:\/\/boodaville.org\/es\/wp-json\/wp\/v2\/pages\/9995\/revisions\/11591"}],"wp:attachment":[{"href":"https:\/\/boodaville.org\/es\/wp-json\/wp\/v2\/media?parent=9995"}],"curies":[{"name":"wp","href":"https:\/\/api.w.org\/{rel}","templated":true}]}}