{"id":11804,"date":"2026-02-20T10:29:50","date_gmt":"2026-02-20T10:29:50","guid":{"rendered":"https:\/\/boodaville.org\/?page_id=11804"},"modified":"2026-03-26T18:13:04","modified_gmt":"2026-03-26T18:13:04","slug":"estamos-recaudando-fondos-primavera-2026","status":"publish","type":"page","link":"https:\/\/boodaville.org\/es\/estamos-recaudando-fondos-primavera-2026\/","title":{"rendered":"Estamos recaudando fondos &#8211; Primavera 2026"},"content":{"rendered":"\n<div id=\"wp-block-themeisle-blocks-advanced-columns-e1ca32e1\" class=\"wp-block-themeisle-blocks-advanced-columns alignfull has-1-columns has-desktop-equal-layout has-tablet-equal-layout has-mobile-equal-layout has-vertical-center\"><div class=\"wp-block-themeisle-blocks-advanced-columns-overlay\"><\/div><div class=\"innerblocks-wrap\">\n<div id=\"wp-block-themeisle-blocks-advanced-column-65b5ef21\" class=\"wp-block-themeisle-blocks-advanced-column\">\n<div class=\"wp-block-group\"><div class=\"wp-block-group__inner-container is-layout-constrained wp-block-group-is-layout-constrained\">\n<h2 id=\"wp-block-themeisle-blocks-advanced-heading-1ae29745\" class=\"wp-block-themeisle-blocks-advanced-heading wp-block-themeisle-blocks-advanced-heading-1ae29745\"><strong>Ay\u00fadanos a crecer<\/strong><\/h2>\n<\/div><\/div>\n\n\n\n<h1 id=\"wp-block-themeisle-blocks-advanced-heading-84d8353c\" class=\"wp-block-themeisle-blocks-advanced-heading wp-block-themeisle-blocks-advanced-heading-84d8353c\">ROVIRA REGENERATIVA<\/h1>\n<\/div>\n<\/div><\/div>\n\n<h2 class=\"wp-block-heading\" style=\"padding-top:var(--wp--preset--spacing--80);padding-bottom:var(--wp--preset--spacing--40)\">Estamos recaudando fondos &#8211; Primavera 2026<\/h2>\n\n<figure class=\"wp-block-pullquote has-text-align-left has-nv-light-bg-background-color has-background has-small-font-size\" style=\"border-style:none;border-width:0px;padding-right:var(--wp--preset--spacing--60);padding-left:var(--wp--preset--spacing--60)\"><blockquote><p><strong>Desde 2024, hemos dado vida a una gran idea con recursos muy limitados.<\/strong><br\/><strong>Estamos creando una granja para el futuro: resistente a la sequ\u00eda, biodiversa y regenerativa, que produce aceitunas, uvas, higos y mucho m\u00e1s.<\/strong><br\/><strong>Apoyamos los medios de subsistencia locales e inspiramos a otros con pr\u00e1cticas resistentes y un dise\u00f1o natural<\/strong>.<br\/><strong>Estamos recaudando m\u00e1s de 25.000\u20ac, \u00a1y necesitamos tu ayuda<\/strong>!<\/p><\/blockquote><\/figure>\n\n<h3 class=\"wp-block-heading\">Elige una o m\u00e1s opciones y ap\u00fantate aqu\u00ed:<\/h3>\n<div class='fluentform ff-default fluentform_wrapper_3 ffs_default_wrap'><form data-form_id=\"3\" id=\"fluentform_3\" class=\"frm-fluent-form fluent_form_3 ff-el-form-top ff_form_instance_3_1 ff-form-loading ffs_default\" data-form_instance=\"ff_form_instance_3_1\" method=\"POST\" ><fieldset  style=\"border: none!important;margin: 0!important;padding: 0!important;background-color: transparent!important;box-shadow: none!important;outline: none!important; min-inline-size: 100%;\">\n                    <legend class=\"ff_screen_reader_title\" style=\"display: block; margin: 0!important;padding: 0!important;height: 0!important;text-indent: -999999px;width: 0!important;overflow:hidden;\">Pledge Form<\/legend><input type='hidden' name='__fluent_form_embded_post_id' value='11804' \/><input type=\"hidden\" id=\"_fluentform_3_fluentformnonce\" name=\"_fluentform_3_fluentformnonce\" value=\"f06e3c51f5\" \/><input type=\"hidden\" name=\"_wp_http_referer\" value=\"\/es\/wp-json\/wp\/v2\/pages\/11804\" \/><div class='ff-el-group'><div class=\"ff-el-input--label asterisk-right\"><label   aria-label=\"(you can choose as many options as you like!)\">(you can choose as many options as you like!)<\/label><\/div><div class='ff-el-input--content'><div class='ff-el-form-check ff-el-form-check-'><label class='ff-el-form-check-label' for='checkbox_1_097ec21be9ab638c42e8484f025175b4'><input  type=\"checkbox\" name=\"checkbox_1[]\" data-name=\"checkbox_1\" class=\"ff-el-form-check-input ff-el-form-check-checkbox\" value=\"Keep me updated with project news\"  id='checkbox_1_097ec21be9ab638c42e8484f025175b4' aria-label='Keep me updated with project news' aria-invalid='false' aria-required=false> <span>Keep me updated with project news<\/span><\/label><\/div><div class='ff-el-form-check ff-el-form-check-'><label class='ff-el-form-check-label' for='checkbox_1_ff84401d9b6374b1016bde7ddef94abb'><input  type=\"checkbox\" name=\"checkbox_1[]\" data-name=\"checkbox_1\" class=\"ff-el-form-check-input ff-el-form-check-checkbox\" value=\"I&#039;m interested in getting some Rovira Regenerative natural wine!\"  id='checkbox_1_ff84401d9b6374b1016bde7ddef94abb' aria-label='I&#039;m interested in getting some Rovira Regenerative natural wine!' aria-invalid='false' aria-required=false> <span>I'm interested in getting some Rovira Regenerative natural wine!<\/span><\/label><\/div><div class='ff-el-form-check ff-el-form-check-'><label class='ff-el-form-check-label' for='checkbox_1_84c260e5fb429ad9e12d11ffd9dd3f33'><input  type=\"checkbox\" name=\"checkbox_1[]\" data-name=\"checkbox_1\" class=\"ff-el-form-check-input ff-el-form-check-checkbox\" value=\"Tell me about the other rewards like olive oil, mugs and bags with &quot;Choose Nature!&quot; artwork\"  id='checkbox_1_84c260e5fb429ad9e12d11ffd9dd3f33' aria-label='Tell me about the other rewards like olive oil, mugs and bags with &quot;Choose Nature!&quot; artwork' aria-invalid='false' aria-required=false> <span>Tell me about the other rewards like olive oil, mugs and bags with \"Choose Nature!\" artwork<\/span><\/label><\/div><div class='ff-el-form-check ff-el-form-check-'><label class='ff-el-form-check-label' for='checkbox_1_374136f3755b351108d8c824e4debc3a'><input  type=\"checkbox\" name=\"checkbox_1[]\" data-name=\"checkbox_1\" class=\"ff-el-form-check-input ff-el-form-check-checkbox\" value=\"I can already pledge a donation to kick start the campaign on Day 1\"  id='checkbox_1_374136f3755b351108d8c824e4debc3a' aria-label='I can already pledge a donation to kick start the campaign on Day 1' aria-invalid='false' aria-required=false> <span>I can already pledge a donation to kick start the campaign on Day 1<\/span><\/label><\/div><\/div><\/div><div class='ff-el-group'><div class=\"ff-el-input--label ff-el-is-required asterisk-right\"><label for='ff_3_email' id='label_ff_3_email' aria-label=\"Your Email\">Your Email<\/label><\/div><div class='ff-el-input--content'><input type=\"email\" name=\"email\" id=\"ff_3_email\" class=\"ff-el-form-control\" placeholder=\"Your Email Address\" data-name=\"email\"  aria-invalid=\"false\" aria-required=true><\/div><\/div><div class='ff-el-group'><div class=\"ff-el-input--label asterisk-right\"><label for='ff_3_input_text' id='label_ff_3_input_text' aria-label=\"Name and comment for us (optional!)\">Name and comment for us (optional!)<\/label><\/div><div class='ff-el-input--content'><input type=\"text\" name=\"input_text\" class=\"ff-el-form-control\" placeholder=\"Name and comment\" data-name=\"input_text\" id=\"ff_3_input_text\"  aria-invalid=\"false\" aria-required=false><\/div><\/div><div class='ff-el-group'><div class=\"ff-el-input--label asterisk-right\"><label for='ff_3_dropdown' id='label_ff_3_dropdown' aria-label=\"Would you like to offer some time to learn more about our campaign and help us reach our goal?\">Would you like to offer some time to learn more about our campaign and help us reach our goal?<\/label><\/div><div class='ff-el-input--content'><select name=\"dropdown\" id=\"ff_3_dropdown\" class=\"ff-el-form-control\" data-name=\"dropdown\" data-calc_value=\"0\"  aria-invalid=\"false\" aria-required=\"false\" aria-labelledby=\"label_ff_3_dropdown\"><option value=\"\">- Select -<\/option><option value=\"Yes, invite me to a zoom meeting!\"  >Yes, invite me to a zoom meeting!<\/option><option value=\"Maybe\"  >Maybe<\/option><option value=\"No thanks!\"  >No thanks!<\/option><\/select><\/div><\/div><div class='ff-el-group ff-text-center ff_submit_btn_wrapper'><button type=\"submit\" class=\"ff-btn ff-btn-submit ff-btn-md ff_btn_style wpf_has_custom_css\"  aria-label=\"Send\">Send<\/button><\/div><\/fieldset><\/form><div id='fluentform_3_errors' class='ff-errors-in-stack ff_form_instance_3_1 ff-form-loading_errors ff_form_instance_3_1_errors'><\/div><\/div>            <script type=\"text\/javascript\">\n                window.fluent_form_ff_form_instance_3_1 = {\"id\":\"3\",\"settings\":{\"layout\":{\"labelPlacement\":\"top\",\"asteriskPlacement\":\"asterisk-right\",\"helpMessagePlacement\":\"with_label\",\"errorMessagePlacement\":\"inline\",\"cssClassName\":\"\"},\"restrictions\":{\"denyEmptySubmission\":{\"enabled\":false}}},\"form_instance\":\"ff_form_instance_3_1\",\"form_id_selector\":\"fluentform_3\",\"rules\":{\"checkbox_1\":{\"required\":{\"value\":false,\"message\":\"Este campo es obligatorio\",\"global_message\":\"This field is required\",\"global\":true}},\"email\":{\"required\":{\"value\":true,\"message\":\"Este campo es obligatorio\",\"global_message\":\"This field is required\",\"global\":true},\"email\":{\"value\":true,\"message\":\"Este campo debe contener un correo electr\\u00f3nico v\\u00e1lido\",\"global_message\":\"This field must contain a valid email\",\"global\":true}},\"input_text\":{\"required\":{\"value\":false,\"message\":\"Este campo es obligatorio\",\"global_message\":\"This field is required\",\"global\":true}},\"dropdown\":{\"required\":{\"value\":false,\"message\":\"Este campo es obligatorio\",\"global_message\":\"This field is required\",\"global\":true}}},\"debounce_time\":300};\n                            <\/script>\n            \n\n<hr class=\"wp-block-separator has-alpha-channel-opacity\"\/>\n\n<h3 class=\"wp-block-heading\">Comparte esto con amantes de la naturaleza&#8230;.<\/h3>\n\n<h4 class=\"wp-block-heading\">\u00a1y tendr\u00e1s la oportunidad de ganar un Fin de Semana Regenerativo GRATIS con nosotros!<\/h4>\n<div class='fluentform ff-default fluentform_wrapper_4 ffs_default_wrap'><form data-form_id=\"4\" id=\"fluentform_4\" class=\"frm-fluent-form fluent_form_4 ff-el-form-top ff_form_instance_4_2 ff-form-loading ffs_default\" data-form_instance=\"ff_form_instance_4_2\" method=\"POST\" ><fieldset  style=\"border: none!important;margin: 0!important;padding: 0!important;background-color: transparent!important;box-shadow: none!important;outline: none!important; min-inline-size: 100%;\">\n                    <legend class=\"ff_screen_reader_title\" style=\"display: block; margin: 0!important;padding: 0!important;height: 0!important;text-indent: -999999px;width: 0!important;overflow:hidden;\">Suggest a friend<\/legend><input type='hidden' name='__fluent_form_embded_post_id' value='11804' \/><input type=\"hidden\" id=\"_fluentform_4_fluentformnonce\" name=\"_fluentform_4_fluentformnonce\" value=\"f06e3c51f5\" \/><input type=\"hidden\" name=\"_wp_http_referer\" value=\"\/es\/wp-json\/wp\/v2\/pages\/11804\" \/><div data-type=\"name-element\" data-name=\"names\" class=\" ff-field_container ff-name-field-wrapper\" ><div class='ff-t-container'><div class='ff-t-cell '><div class='ff-el-group ff-el-form-top'><div class=\"ff-el-input--label asterisk-right\"><label for='ff_4_2_names_first_name_' id='label_ff_4_2_names_first_name_' >Your Name<\/label><\/div><div class='ff-el-input--content'><input type=\"text\" name=\"names[first_name]\" id=\"ff_4_2_names_first_name_\" class=\"ff-el-form-control\" placeholder=\"Enter Your Name\" aria-invalid=\"false\" aria-required=false><\/div><\/div><\/div><\/div><\/div><div class='ff-el-group'><div class=\"ff-el-input--label ff-el-is-required asterisk-right\"><label for='ff_4_2_email_1' id='label_ff_4_2_email_1' aria-label=\"Email\">Email<\/label><\/div><div class='ff-el-input--content'><input type=\"email\" name=\"email_1\" id=\"ff_4_2_email_1\" class=\"ff-el-form-control\" placeholder=\"Your Email Address\" data-name=\"email_1\"  aria-invalid=\"false\" aria-required=true><\/div><\/div><div class='ff-el-group'><div class=\"ff-el-input--label asterisk-right\"><label for='ff_4_2_description' id='label_ff_4_2_description' aria-label=\"Your Message:\">Your Message:<\/label><\/div><div class='ff-el-input--content'><textarea aria-required=\"false\" aria-labelledby=\"label_ff_4_2_description\" name=\"description\" id=\"ff_4_2_description\" class=\"ff-el-form-control\" placeholder=\"I&#039;m supporting this awesome regenerative farm in the North of Spain. I thought you&#039;d also want to contribute to their campain, check it out!\" rows=\"3\" cols=\"2\" data-name=\"description\" >I&#039;m supporting this awesome regenerative farm in the North of Spain. I thought you&#039;d also want to contribute to their campaign, check it out!<\/textarea><\/div><\/div><div class='ff-el-group'><div class=\"ff-el-input--label ff-el-is-required asterisk-right\"><label for='ff_4_2_email' id='label_ff_4_2_email' aria-label=\"Friend&#039;s Email\">Friend's Email<\/label><\/div><div class='ff-el-input--content'><input type=\"email\" name=\"email\" id=\"ff_4_2_email\" class=\"ff-el-form-control\" placeholder=\"Their Email Address or Phone number\" data-name=\"email\"  aria-invalid=\"false\" aria-required=true><\/div><\/div><div class='ff-el-group ff-text-left ff_submit_btn_wrapper'><button type=\"submit\" class=\"ff-btn ff-btn-submit ff-btn-md ff_btn_style wpf_has_custom_css\"  aria-label=\"Send Invite\">Send Invite<\/button><\/div><\/fieldset><\/form><div id='fluentform_4_errors' class='ff-errors-in-stack ff_form_instance_4_2 ff-form-loading_errors ff_form_instance_4_2_errors'><\/div><\/div>            <script type=\"text\/javascript\">\n                window.fluent_form_ff_form_instance_4_2 = {\"id\":\"4\",\"settings\":{\"layout\":{\"labelPlacement\":\"top\",\"asteriskPlacement\":\"asterisk-right\",\"helpMessagePlacement\":\"with_label\",\"errorMessagePlacement\":\"inline\",\"cssClassName\":\"\"},\"restrictions\":{\"denyEmptySubmission\":{\"enabled\":false}}},\"form_instance\":\"ff_form_instance_4_2\",\"form_id_selector\":\"fluentform_4\",\"rules\":{\"names[first_name]\":{\"required\":{\"value\":false,\"message\":\"Este campo es obligatorio\",\"global_message\":\"This field is required\",\"global\":true}},\"names[middle_name]\":{\"required\":{\"value\":false,\"message\":\"Este campo es obligatorio\",\"global_message\":\"This field is required\",\"global\":true}},\"names[last_name]\":{\"required\":{\"value\":false,\"message\":\"Este campo es obligatorio\",\"global_message\":\"This field is required\",\"global\":true}},\"email_1\":{\"required\":{\"value\":true,\"message\":\"Este campo es obligatorio\",\"global_message\":\"This field is required\",\"global\":true},\"email\":{\"value\":true,\"message\":\"Este campo debe contener un correo electr\\u00f3nico v\\u00e1lido\",\"global_message\":\"This field must contain a valid email\",\"global\":true}},\"description\":{\"required\":{\"value\":false,\"message\":\"Este campo es obligatorio\",\"global_message\":\"This field is required\",\"global\":true}},\"email\":{\"required\":{\"value\":true,\"message\":\"Este campo es obligatorio\",\"global_message\":\"This field is required\",\"global\":true},\"email\":{\"value\":true,\"message\":\"Este campo debe contener un correo electr\\u00f3nico v\\u00e1lido\",\"global_message\":\"This field must contain a valid email\",\"global\":true}}},\"debounce_time\":300};\n                            <\/script>\n            \n\n<p>Por cada recomendaci\u00f3n entrar\u00e1s en un sorteo para ganar una plaza en uno de nuestros <a href=\"https:\/\/boodaville.org\/es\/findes-regenerativos\/\" target=\"_blank\" rel=\"noopener\" title=\"\">Fines de Semana Regenerativos<\/a> de 2026. <\/p>\n\n<p><a href=\"https:\/\/boodaville.org\/es\/estamos-recaudando-fondos-primavera-2026\/\" title=\"\">Env\u00eda m\u00e1s invitaciones.<\/a><\/p>\n\n<h6 class=\"wp-block-heading has-text-align-center\"><a href=\"https:\/\/boodaville.org\/es\/rovira-regenerativa\/\" target=\"_blank\" rel=\"noopener\" title=\"\">Lee m\u00e1s sobre el proyecto aqu\u00ed<\/a><\/h6>\n\n<p><\/p>\n","protected":false},"excerpt":{"rendered":"<p>Estamos recaudando fondos &#8211; Primavera 2026 Desde 2024, hemos dado vida a una gran idea con recursos muy limitados.Estamos creando una granja para el futuro: resistente a la sequ\u00eda, biodiversa y regenerativa, que produce aceitunas, uvas, higos y mucho m\u00e1s.Apoyamos los medios de subsistencia locales e inspiramos a otros con pr\u00e1cticas resistentes y un dise\u00f1o&hellip;&nbsp;<a href=\"https:\/\/boodaville.org\/es\/estamos-recaudando-fondos-primavera-2026\/\" rel=\"bookmark\">Leer m\u00e1s &raquo;<span class=\"screen-reader-text\">Estamos recaudando fondos &#8211; Primavera 2026<\/span><\/a><\/p>\n","protected":false},"author":3,"featured_media":0,"parent":0,"menu_order":0,"comment_status":"closed","ping_status":"closed","template":"","meta":{"om_disable_all_campaigns":false,"_monsterinsights_skip_tracking":false,"_monsterinsights_sitenote_active":false,"_monsterinsights_sitenote_note":"","_monsterinsights_sitenote_category":0,"neve_meta_sidebar":"","neve_meta_container":"","neve_meta_enable_content_width":"","neve_meta_content_width":0,"neve_meta_title_alignment":"","neve_meta_author_avatar":"","neve_post_elements_order":"","neve_meta_disable_header":"","neve_meta_disable_footer":"","neve_meta_disable_title":"on","_themeisle_gutenberg_block_has_review":false,"footnotes":""},"class_list":["post-11804","page","type-page","status-publish","hentry"],"aioseo_notices":[],"_links":{"self":[{"href":"https:\/\/boodaville.org\/es\/wp-json\/wp\/v2\/pages\/11804","targetHints":{"allow":["GET"]}}],"collection":[{"href":"https:\/\/boodaville.org\/es\/wp-json\/wp\/v2\/pages"}],"about":[{"href":"https:\/\/boodaville.org\/es\/wp-json\/wp\/v2\/types\/page"}],"author":[{"embeddable":true,"href":"https:\/\/boodaville.org\/es\/wp-json\/wp\/v2\/users\/3"}],"replies":[{"embeddable":true,"href":"https:\/\/boodaville.org\/es\/wp-json\/wp\/v2\/comments?post=11804"}],"version-history":[{"count":10,"href":"https:\/\/boodaville.org\/es\/wp-json\/wp\/v2\/pages\/11804\/revisions"}],"predecessor-version":[{"id":12254,"href":"https:\/\/boodaville.org\/es\/wp-json\/wp\/v2\/pages\/11804\/revisions\/12254"}],"wp:attachment":[{"href":"https:\/\/boodaville.org\/es\/wp-json\/wp\/v2\/media?parent=11804"}],"curies":[{"name":"wp","href":"https:\/\/api.w.org\/{rel}","templated":true}]}}