{"id":11638,"date":"2026-01-22T17:51:27","date_gmt":"2026-01-22T17:51:27","guid":{"rendered":"https:\/\/boodaville.org\/oportunidad-de-empleo-jefe-de-obra-residente\/"},"modified":"2026-01-23T11:13:54","modified_gmt":"2026-01-23T11:13:54","slug":"oportunidad-de-empleo-jefe-de-obra-residente","status":"publish","type":"page","link":"https:\/\/boodaville.org\/es\/oportunidad-de-empleo-jefe-de-obra-residente\/","title":{"rendered":"Oportunidad de empleo: Jefe de Obra Residente"},"content":{"rendered":"\n<p><strong>Localizaci\u00f3n: Emplazamiento de Boodaville &#8211; Caseres, Espa\u00f1a<br>Fecha de Inicio: Mayo de 2026<\/strong><\/p>\n\n\n\n<div id=\"wp-block-themeisle-blocks-slider-bb1d095a\" class=\"wp-block-themeisle-blocks-slider glide\" data-per-view=\"1\" data-gap=\"0\" data-peek=\"0\" data-autoplay=\"true\" data-height=\"400px\" data-hide-arrows=\"false\"><div class=\"glide__track\" data-glide-el=\"track\"><div class=\"glide__slides\"><div class=\"wp-block-themeisle-blocks-slider-item-wrapper glide__slide\" tabindex=\"0\"><figure><img decoding=\"async\" class=\"wp-block-themeisle-blocks-slider-item\" src=\"https:\/\/boodaville.org\/wp-content\/uploads\/2026\/01\/WhatsApp-Image-2025-07-17-at-15.18.03-4-3.jpeg\" alt=\"\" title=\"\" data-id=\"11615\"\/><\/figure><\/div><div class=\"wp-block-themeisle-blocks-slider-item-wrapper glide__slide\" tabindex=\"0\"><figure><img decoding=\"async\" class=\"wp-block-themeisle-blocks-slider-item\" src=\"https:\/\/boodaville.org\/wp-content\/uploads\/2026\/01\/WhatsApp-Image-2025-07-17-at-15.18.03-2.jpeg\" alt=\"\" title=\"\" data-id=\"11613\"\/><\/figure><\/div><div class=\"wp-block-themeisle-blocks-slider-item-wrapper glide__slide\" tabindex=\"0\"><figure><img decoding=\"async\" class=\"wp-block-themeisle-blocks-slider-item\" src=\"https:\/\/boodaville.org\/wp-content\/uploads\/2026\/01\/WhatsApp-Image-2025-07-17-at-15.18.03-1-1.jpeg\" alt=\"\" title=\"\" data-id=\"11611\"\/><\/figure><\/div><div class=\"wp-block-themeisle-blocks-slider-item-wrapper glide__slide\" tabindex=\"0\"><figure><img decoding=\"async\" class=\"wp-block-themeisle-blocks-slider-item\" src=\"https:\/\/boodaville.org\/wp-content\/uploads\/2026\/01\/WhatsApp-Image-2025-07-17-at-15.18.04-4.jpeg\" alt=\"\" title=\"\" data-id=\"11617\"\/><\/figure><\/div><\/div><div class=\"glide__bullets\" data-glide-el=\"controls[nav]\"><button class=\"glide__bullet\" data-glide-dir=\"=0\"><\/button><button class=\"glide__bullet\" data-glide-dir=\"=1\"><\/button><button class=\"glide__bullet\" data-glide-dir=\"=2\"><\/button><button class=\"glide__bullet\" data-glide-dir=\"=3\"><\/button><\/div><\/div><\/div>\n\n\n\n<div style=\"height:28px\" aria-hidden=\"true\" class=\"wp-block-spacer\"><\/div>\n\n\n\n<p class=\"has-text-align-center\"><strong>&#x1f331; El proyecto<\/strong><\/p>\n\n\n\n<p>Boodaville es un proyecto de permacultura y aula natural situado en la Espa\u00f1a rural, dedicado a promover un estilo de vida regenerativo y centrado en la comunidad.<\/p>\n\n\n\n<p class=\"has-text-align-center\"><strong>&#x1f4bc; Descripci\u00f3n general del puesto<\/strong><\/p>\n\n\n\n<p>Buscamos un <strong>Jefe de Obra Residente<\/strong> que viva in situ en el proyecto, supervise la log\u00edstica diaria y apoye nuestros eventos durante 11 d\u00edas al mes.<\/p>\n\n\n\n<p class=\"has-text-align-center\"><strong>&#x1f4cb; Responsabilidades<\/strong><\/p>\n\n\n\n<ul class=\"wp-block-list\">\n<li><strong>Residir permanentemente<\/strong> en el proyecto<\/li>\n\n\n\n<li>Supervisar la log\u00edstica diaria del proyecto<\/li>\n\n\n\n<li>Apoyar y coordinar eventos de permacultura (11 d\u00edas al mes con compensaci\u00f3n adicional)<\/li>\n\n\n\n<li>Gestionar las instalaciones y los recursos del proyecto  <\/li>\n\n\n\n<li>Promover y facilitar actos para aumentar la participaci\u00f3n<\/li>\n<\/ul>\n\n\n\n<p class=\"has-text-align-center\"><strong>&#x1f4b0; Compensaci\u00f3n y beneficios<\/strong><\/p>\n\n\n\n<ul class=\"wp-block-list\">\n<li><strong>Estipendio mensual<\/strong><\/li>\n\n\n\n<li>Uso del veh\u00edculo y de las instalaciones del proyecto<\/li>\n\n\n\n<li><strong>Ninguna responsabilidad<\/strong> en la gesti\u00f3n de los voluntarios del CES (Cuerpo Europeo de Solidaridad)<\/li>\n\n\n\n<li><strong>D\u00edas adicionales remunerados<\/strong> para la coordinaci\u00f3n de eventos de permacultura (remuneraci\u00f3n basada en comisiones seg\u00fan el tipo de evento y el n\u00famero de participantes).<\/li>\n\n\n\n<li>Oportunidad de <strong>aumentar los ingresos<\/strong> mediante la promoci\u00f3n activa de eventos<\/li>\n<\/ul>\n\n\n\n<p class=\"has-text-align-center\"><strong>&#x2728; Perfil del candidato ideal<\/strong><\/p>\n\n\n\n<ul class=\"wp-block-list\">\n<li>Experto en <strong>Dise\u00f1o de Permacultura<\/strong> (PDC o formaci\u00f3n equivalente)<\/li>\n\n\n\n<li><strong>Gran experiencia pr\u00e1ctica<\/strong> en proyectos de permacultura<\/li>\n\n\n\n<li>Capacidad para vivir y trabajar de forma independiente en un entorno rural<\/li>\n\n\n\n<li>Capacidad de gesti\u00f3n, organizaci\u00f3n y comunicaci\u00f3n<\/li>\n\n\n\n<li>Pasi\u00f3n por la vida regenerativa y la comunidad<\/li>\n<\/ul>\n\n\n\n<p class=\"has-text-align-center\"><strong>&#x1f504; Proceso de selecci\u00f3n<\/strong><\/p>\n\n\n\n<ol class=\"wp-block-list\">\n<li><strong>Visita de evaluaci\u00f3n:<\/strong> Periodo de marzo a mayo de 2026 para visitar el proyecto y evaluar la compatibilidad mutua.<\/li>\n\n\n\n<li><strong>Per\u00edodo de prueba:<\/strong> Antes del comienzo oficial del puesto completo<\/li>\n<\/ol>\n\n\n\n<p class=\"has-text-align-center\"><strong>&#x1f4e9; C\u00f3mo aplicar<\/strong><\/p>\n\n\n\n<p><strong>Si est\u00e1s interesado en aceptar el trabajo:<\/strong><\/p>\n\n\n\n<div class=\"wp-block-buttons is-content-justification-center is-layout-flex wp-container-core-buttons-is-layout-d9cd0f1e wp-block-buttons-is-layout-flex\">\n<div class=\"wp-block-button is-style-primary\"><a class=\"wp-block-button__link has-text-align-center wp-element-button\" href=\"https:\/\/docs.google.com\/forms\/d\/e\/1FAIpQLScwNiIVRljJlxCqc05wBUKk24tJuWshgrqf0qeqLr-K_bhZZQ\/viewform\" target=\"_blank\" rel=\"noreferrer noopener\">Solicita ahora una visita durante nuestro pr\u00f3ximo fin de semana de permacultura viva.<\/a><\/div>\n<\/div>\n\n\n\n<p><\/p>\n\n\n\n<p class=\"has-text-align-center\"><em>\u00danete a nosotros y forma parte de un proyecto que promueve la sostenibilidad, la permacultura y la vida en comunidad.<\/em><\/p>\n\n\n\n<p><\/p>\n","protected":false},"excerpt":{"rendered":"<p>Localizaci\u00f3n: Emplazamiento de Boodaville &#8211; Caseres, Espa\u00f1aFecha de Inicio: Mayo de 2026 &#x1f331; El proyecto Boodaville es un proyecto de permacultura y aula natural situado en la Espa\u00f1a rural, dedicado a promover un estilo de vida regenerativo y centrado en la comunidad. &#x1f4bc; Descripci\u00f3n general del puesto Buscamos un Jefe de Obra Residente que viva&hellip;&nbsp;<a href=\"https:\/\/boodaville.org\/es\/oportunidad-de-empleo-jefe-de-obra-residente\/\" rel=\"bookmark\">Leer m\u00e1s &raquo;<span class=\"screen-reader-text\">Oportunidad de empleo: Jefe de Obra Residente<\/span><\/a><\/p>\n","protected":false},"author":4,"featured_media":0,"parent":0,"menu_order":0,"comment_status":"closed","ping_status":"closed","template":"","meta":{"om_disable_all_campaigns":false,"_monsterinsights_skip_tracking":false,"_monsterinsights_sitenote_active":false,"_monsterinsights_sitenote_note":"","_monsterinsights_sitenote_category":0,"neve_meta_sidebar":"","neve_meta_container":"","neve_meta_enable_content_width":"","neve_meta_content_width":0,"neve_meta_title_alignment":"","neve_meta_author_avatar":"","neve_post_elements_order":"","neve_meta_disable_header":"","neve_meta_disable_footer":"","neve_meta_disable_title":"","_themeisle_gutenberg_block_has_review":false,"footnotes":""},"class_list":["post-11638","page","type-page","status-publish","hentry"],"aioseo_notices":[],"_links":{"self":[{"href":"https:\/\/boodaville.org\/es\/wp-json\/wp\/v2\/pages\/11638","targetHints":{"allow":["GET"]}}],"collection":[{"href":"https:\/\/boodaville.org\/es\/wp-json\/wp\/v2\/pages"}],"about":[{"href":"https:\/\/boodaville.org\/es\/wp-json\/wp\/v2\/types\/page"}],"author":[{"embeddable":true,"href":"https:\/\/boodaville.org\/es\/wp-json\/wp\/v2\/users\/4"}],"replies":[{"embeddable":true,"href":"https:\/\/boodaville.org\/es\/wp-json\/wp\/v2\/comments?post=11638"}],"version-history":[{"count":9,"href":"https:\/\/boodaville.org\/es\/wp-json\/wp\/v2\/pages\/11638\/revisions"}],"predecessor-version":[{"id":11663,"href":"https:\/\/boodaville.org\/es\/wp-json\/wp\/v2\/pages\/11638\/revisions\/11663"}],"wp:attachment":[{"href":"https:\/\/boodaville.org\/es\/wp-json\/wp\/v2\/media?parent=11638"}],"curies":[{"name":"wp","href":"https:\/\/api.w.org\/{rel}","templated":true}]}}