{"id":11235,"date":"2025-11-05T12:57:40","date_gmt":"2025-11-05T12:57:40","guid":{"rendered":"https:\/\/boodaville.org\/oportunidades\/"},"modified":"2026-04-08T09:12:53","modified_gmt":"2026-04-08T09:12:53","slug":"oportunidades","status":"publish","type":"page","link":"https:\/\/boodaville.org\/es\/oportunidades\/","title":{"rendered":"Oportunidades"},"content":{"rendered":"\n<p class=\"has-text-align-center\">La mejor manera de seguirnos es en <a href=\"https:\/\/t.me\/boodaville\" title=\"Canal de Telegram \ufffc\">el canal de Telegram <img loading=\"lazy\" decoding=\"async\" width=\"50\" height=\"50\" class=\"wp-image-11128\" style=\"width: 50px;\" src=\"https:\/\/boodaville.org\/wp-content\/uploads\/2025\/10\/images.png\" alt=\"Telegrama de Boodaville\" srcset=\"https:\/\/boodaville.org\/wp-content\/uploads\/2025\/10\/images.png 225w, https:\/\/boodaville.org\/wp-content\/uploads\/2025\/10\/images-150x150.png 150w\" sizes=\"auto, (max-width: 50px) 100vw, 50px\" \/><\/a> <\/p>\n\n\n\n<div id=\"wp-block-themeisle-blocks-advanced-columns-0756495c\" class=\"wp-block-themeisle-blocks-advanced-columns alignfull has-3-columns has-desktop-equal-layout has-tablet-equal-layout has-mobile-collapsedRows-layout has-vertical-unset has-light-bg\"><div class=\"wp-block-themeisle-blocks-advanced-columns-overlay\"><\/div><div class=\"innerblocks-wrap\">\n<div id=\"wp-block-themeisle-blocks-advanced-column-db56729b\" class=\"wp-block-themeisle-blocks-advanced-column has-light-bg\">\n<figure class=\"wp-block-image size-large\"><img loading=\"lazy\" decoding=\"async\" width=\"1024\" height=\"684\" src=\"https:\/\/boodaville.org\/wp-content\/uploads\/2025\/11\/image-2-1024x684.png\" alt=\"\" class=\"wp-image-11280\" srcset=\"https:\/\/boodaville.org\/wp-content\/uploads\/2025\/11\/image-2-1024x684.png 1024w, https:\/\/boodaville.org\/wp-content\/uploads\/2025\/11\/image-2-300x200.png 300w, https:\/\/boodaville.org\/wp-content\/uploads\/2025\/11\/image-2-768x513.png 768w, https:\/\/boodaville.org\/wp-content\/uploads\/2025\/11\/image-2-930x620.png 930w, https:\/\/boodaville.org\/wp-content\/uploads\/2025\/11\/image-2.png 1198w\" sizes=\"auto, (max-width: 1024px) 100vw, 1024px\" \/><\/figure>\n\n\n\n<div id=\"wp-block-themeisle-blocks-advanced-columns-ff56e1fa\" class=\"wp-block-themeisle-blocks-advanced-columns has-1-columns has-desktop-equal-layout has-tablet-equal-layout has-mobile-equal-layout has-vertical-unset\"><div class=\"wp-block-themeisle-blocks-advanced-columns-overlay\"><\/div><div class=\"innerblocks-wrap\">\n<div id=\"wp-block-themeisle-blocks-advanced-column-1400302c\" class=\"wp-block-themeisle-blocks-advanced-column\">\n<h4 class=\"wp-block-heading has-text-color has-link-color wp-elements-d447d24b2cb1e444ea55a850f43fde96\" style=\"color:#070731\">Experiencia de Permacultura Viva<\/h4>\n\n\n\n<p><strong>10-12 de abril 2026<\/strong><\/p>\n\n\n\n<p class=\"has-text-color has-link-color wp-elements-8dbf6e0d2b5e843292455ab9398a22df\" style=\"color:#070731\">Visita Boodaville Finca para ver nuestro dise\u00f1o de permacultura en acci\u00f3n y ayudar con los proyectos. Incluye visita guiada y actividad introductoria. Contribuci\u00f3n: 10-40 \u20ac.  <\/p>\n\n\n\n<h5 class=\"wp-block-heading has-text-align-center has-text-color\" style=\"color:#49b92f\"><a href=\"https:\/\/forms.gle\/zPf58dHtbDrQyggE6\" target=\"_blank\" rel=\"noopener\" title=\"\">INSCR\u00cdBETE AHORA<\/a><\/h5>\n<\/div>\n<\/div><\/div>\n<\/div>\n\n\n\n<div id=\"wp-block-themeisle-blocks-advanced-column-b9020d8c\" class=\"wp-block-themeisle-blocks-advanced-column has-light-bg\">\n<figure class=\"wp-block-image size-full\"><img loading=\"lazy\" decoding=\"async\" width=\"768\" height=\"512\" src=\"https:\/\/boodaville.org\/wp-content\/uploads\/2025\/11\/image-edited.png\" alt=\"\" class=\"wp-image-11274\" srcset=\"https:\/\/boodaville.org\/wp-content\/uploads\/2025\/11\/image-edited.png 768w, https:\/\/boodaville.org\/wp-content\/uploads\/2025\/11\/image-edited-300x200.png 300w\" sizes=\"auto, (max-width: 768px) 100vw, 768px\" \/><\/figure>\n\n\n\n<div id=\"wp-block-themeisle-blocks-advanced-columns-fe8c00d3\" class=\"wp-block-themeisle-blocks-advanced-columns has-1-columns has-desktop-equal-layout has-tablet-equal-layout has-mobile-equal-layout has-vertical-unset\"><div class=\"wp-block-themeisle-blocks-advanced-columns-overlay\"><\/div><div class=\"innerblocks-wrap\">\n<div id=\"wp-block-themeisle-blocks-advanced-column-11f53899\" class=\"wp-block-themeisle-blocks-advanced-column\">\n<h4 class=\"wp-block-heading has-text-color has-link-color wp-elements-c5a0653ed8afad269ed1709f904eb08b\" style=\"color:#070731\">Fin de semana regenerativo<\/h4>\n\n\n\n<p><strong>22-24 de mayo 2026<\/strong><\/p>\n\n\n\n<p class=\"has-text-align-left has-text-color has-link-color wp-elements-6b78ffb061358520da0342ec3e98e6e2\" style=\"color:#070731\">Acomp\u00e1\u00f1enos durante el fin de semana para explorar Rovira Regenerativa con clases pr\u00e1cticas sobre vi\u00f1edos, adem\u00e1s de cenas, senderismo, nataci\u00f3n y observaci\u00f3n de estrellas.<\/p>\n\n\n\n<h5 class=\"wp-block-heading has-text-align-center has-text-color\" style=\"color:#49b92f\"><a href=\"https:\/\/boodaville.org\/es\/findes-regenerativos\/\" target=\"_blank\" rel=\"noopener\" title=\"\">M\u00c1S INFORMACI\u00d3N<\/a><\/h5>\n<\/div>\n<\/div><\/div>\n<\/div>\n\n\n\n<div id=\"wp-block-themeisle-blocks-advanced-column-11691837\" class=\"wp-block-themeisle-blocks-advanced-column has-light-bg\">\n<figure class=\"wp-block-image size-large\"><img loading=\"lazy\" decoding=\"async\" width=\"1103\" height=\"736\" src=\"https:\/\/boodaville.org\/wp-content\/uploads\/2025\/11\/image-1-edited.png\" alt=\"\" class=\"wp-image-11278\" srcset=\"https:\/\/boodaville.org\/wp-content\/uploads\/2025\/11\/image-1-edited.png 1103w, https:\/\/boodaville.org\/wp-content\/uploads\/2025\/11\/image-1-edited-300x200.png 300w, https:\/\/boodaville.org\/wp-content\/uploads\/2025\/11\/image-1-edited-1024x683.png 1024w, https:\/\/boodaville.org\/wp-content\/uploads\/2025\/11\/image-1-edited-768x512.png 768w, https:\/\/boodaville.org\/wp-content\/uploads\/2025\/11\/image-1-edited-930x620.png 930w\" sizes=\"auto, (max-width: 1103px) 100vw, 1103px\" \/><\/figure>\n\n\n\n<div id=\"wp-block-themeisle-blocks-advanced-columns-d422ac76\" class=\"wp-block-themeisle-blocks-advanced-columns has-1-columns has-desktop-equal-layout has-tablet-equal-layout has-mobile-equal-layout has-vertical-unset\"><div class=\"wp-block-themeisle-blocks-advanced-columns-overlay\"><\/div><div class=\"innerblocks-wrap\">\n<div id=\"wp-block-themeisle-blocks-advanced-column-5ccb16d1\" class=\"wp-block-themeisle-blocks-advanced-column\">\n<h4 class=\"wp-block-heading has-text-color has-link-color wp-elements-4ed08153fce4e67e998458a2b99ddc71\" style=\"color:#070731\">Participa en un Intercambio Juvenil de Permacultura<\/h4>\n\n\n\n<p><strong>1 de junio de 2026 &#8211; Mas Les Vinyes<\/strong><br><strong>1 de julio de 2026 &#8211; Sanilles<\/strong><br>Formaci\u00f3n de diez d\u00edas en Dise\u00f1o de Permacultura, explorando la complejidad de la vida y c\u00f3mo construir el futuro que imaginamos.<\/p>\n\n\n\n<h5 class=\"wp-block-heading has-text-align-center has-text-color\" style=\"color:#49b92f\"><a href=\"https:\/\/forms.gle\/EK6PZtCk3kjFh9kU9\" target=\"_blank\" rel=\"noopener\" title=\"\">INSCR\u00cdBETE AQU\u00cd<\/a><\/h5>\n<\/div>\n<\/div><\/div>\n<\/div>\n<\/div><\/div>\n\n\n\n<div id=\"wp-block-themeisle-blocks-advanced-columns-b9b0af51\" class=\"wp-block-themeisle-blocks-advanced-columns alignfull has-3-columns has-desktop-equal-layout has-tablet-equal-layout has-mobile-collapsedRows-layout has-vertical-unset has-light-bg\"><div class=\"wp-block-themeisle-blocks-advanced-columns-overlay\"><\/div><div class=\"innerblocks-wrap\">\n<div id=\"wp-block-themeisle-blocks-advanced-column-92fc93a8\" class=\"wp-block-themeisle-blocks-advanced-column has-light-bg\">\n<figure class=\"wp-block-image size-large has-custom-border is-style-rounded\"><img loading=\"lazy\" decoding=\"async\" width=\"960\" height=\"640\" src=\"https:\/\/boodaville.org\/wp-content\/uploads\/2025\/10\/photo_5942973284750575642_y-edited.jpg\" alt=\"\" class=\"wp-image-11136\" style=\"border-style:none;border-width:0px;border-radius:0px\" srcset=\"https:\/\/boodaville.org\/wp-content\/uploads\/2025\/10\/photo_5942973284750575642_y-edited.jpg 960w, https:\/\/boodaville.org\/wp-content\/uploads\/2025\/10\/photo_5942973284750575642_y-edited-300x200.jpg 300w, https:\/\/boodaville.org\/wp-content\/uploads\/2025\/10\/photo_5942973284750575642_y-edited-768x512.jpg 768w, https:\/\/boodaville.org\/wp-content\/uploads\/2025\/10\/photo_5942973284750575642_y-edited-930x620.jpg 930w\" sizes=\"auto, (max-width: 960px) 100vw, 960px\" \/><\/figure>\n\n\n\n<div id=\"wp-block-themeisle-blocks-advanced-columns-3cf169ee\" class=\"wp-block-themeisle-blocks-advanced-columns has-1-columns has-desktop-equal-layout has-tablet-equal-layout has-mobile-equal-layout has-vertical-unset\"><div class=\"wp-block-themeisle-blocks-advanced-columns-overlay\"><\/div><div class=\"innerblocks-wrap\">\n<div id=\"wp-block-themeisle-blocks-advanced-column-cc117261\" class=\"wp-block-themeisle-blocks-advanced-column\">\n<h4 class=\"wp-block-heading has-text-color has-link-color wp-elements-ae36c6e991159e32b75776d6e1d4e566\" style=\"color:#070731\">Voluntariado ESC<\/h4>\n\n\n\n<p><strong>Inicio el 1 de julio de 2026<\/strong> <strong>(6 meses)<\/strong><\/p>\n\n\n\n<p class=\"has-text-color has-link-color wp-elements-ffb76ca4114fabecc4a8875febc2ea3f\" style=\"color:#070731\">Estas plazas de voluntariado est\u00e1n disponibles para miembros del CES menores de 30 a\u00f1os, residentes en pa\u00edses europeos fuera de Espa\u00f1a.<\/p>\n\n\n\n<h5 class=\"wp-block-heading has-text-align-center has-text-color\" style=\"color:#49b92f\"><a href=\"https:\/\/docs.google.com\/forms\/d\/e\/1FAIpQLSey8wh-3QxrGtS96ylckNc_N4LSB1fIIWL5UvrAExRmP33Tew\/viewform?usp=sf_link\" target=\"_blank\" rel=\"noopener\" title=\"INSCR\u00cdBETE AHORA\">INSCR\u00cdBETE AHORA<\/a><\/h5>\n<\/div>\n<\/div><\/div>\n<\/div>\n\n\n\n<div id=\"wp-block-themeisle-blocks-advanced-column-a3dd1f35\" class=\"wp-block-themeisle-blocks-advanced-column has-light-bg\">\n<figure class=\"wp-block-image size-full\"><img loading=\"lazy\" decoding=\"async\" width=\"1600\" height=\"1069\" src=\"https:\/\/boodaville.org\/wp-content\/uploads\/2026\/01\/WhatsApp-Image-2025-07-17-at-15.18.03-4-1.jpeg\" alt=\"\" class=\"wp-image-11595\" srcset=\"https:\/\/boodaville.org\/wp-content\/uploads\/2026\/01\/WhatsApp-Image-2025-07-17-at-15.18.03-4-1.jpeg 1600w, https:\/\/boodaville.org\/wp-content\/uploads\/2026\/01\/WhatsApp-Image-2025-07-17-at-15.18.03-4-1-300x200.jpeg 300w, https:\/\/boodaville.org\/wp-content\/uploads\/2026\/01\/WhatsApp-Image-2025-07-17-at-15.18.03-4-1-1024x684.jpeg 1024w, https:\/\/boodaville.org\/wp-content\/uploads\/2026\/01\/WhatsApp-Image-2025-07-17-at-15.18.03-4-1-768x513.jpeg 768w, https:\/\/boodaville.org\/wp-content\/uploads\/2026\/01\/WhatsApp-Image-2025-07-17-at-15.18.03-4-1-1536x1026.jpeg 1536w, https:\/\/boodaville.org\/wp-content\/uploads\/2026\/01\/WhatsApp-Image-2025-07-17-at-15.18.03-4-1-930x620.jpeg 930w\" sizes=\"auto, (max-width: 1600px) 100vw, 1600px\" \/><\/figure>\n\n\n\n<div id=\"wp-block-themeisle-blocks-advanced-columns-04745dd7\" class=\"wp-block-themeisle-blocks-advanced-columns has-1-columns has-desktop-equal-layout has-tablet-equal-layout has-mobile-equal-layout has-vertical-unset\"><div class=\"wp-block-themeisle-blocks-advanced-columns-overlay\"><\/div><div class=\"innerblocks-wrap\">\n<div id=\"wp-block-themeisle-blocks-advanced-column-d4c86189\" class=\"wp-block-themeisle-blocks-advanced-column\">\n<h4 class=\"wp-block-heading has-text-color has-link-color wp-elements-2a1aac2f775403127639399bc7de48f7\" style=\"color:#070731\">Oportunidad de empleo: Jefe de Obra Residente<\/h4>\n\n\n\n<p><strong>A partir de mayo de 2026<\/strong><\/p>\n\n\n\n<p class=\"has-text-align-left has-text-color has-link-color wp-elements-01d21d894b82f1bf20b4cbe1433b5ca8\" style=\"color:#070731\">Gestiona las operaciones diarias y coordina los eventos. Ofrecemos un estipendio mensual, uso de veh\u00edculos, instalaciones y remuneraci\u00f3n por eventos basada en comisiones. Ideal para un Dise\u00f1ador de Permacultura apasionado por la vida regenerativa.  <\/p>\n\n\n\n<h5 class=\"wp-block-heading has-text-align-center has-text-color\" style=\"color:#49b92f\"><a href=\"https:\/\/boodaville.org\/es\/oportunidad-de-empleo-jefe-de-obra-residente\/\" target=\"_blank\" rel=\"noopener\" title=\"\">M\u00c1S INFORMACI\u00d3N<\/a><\/h5>\n<\/div>\n<\/div><\/div>\n<\/div>\n\n\n\n<div id=\"wp-block-themeisle-blocks-advanced-column-84f0a1ec\" class=\"wp-block-themeisle-blocks-advanced-column has-light-bg\">\n<figure class=\"wp-block-image size-full\"><img loading=\"lazy\" decoding=\"async\" width=\"602\" height=\"401\" src=\"https:\/\/boodaville.org\/wp-content\/uploads\/2026\/02\/Working-in-Vineyard-regenerative-weekend-square-e1771587466103-1024x401-1-edited.png\" alt=\"\" class=\"wp-image-11843\" srcset=\"https:\/\/boodaville.org\/wp-content\/uploads\/2026\/02\/Working-in-Vineyard-regenerative-weekend-square-e1771587466103-1024x401-1-edited.png 602w, https:\/\/boodaville.org\/wp-content\/uploads\/2026\/02\/Working-in-Vineyard-regenerative-weekend-square-e1771587466103-1024x401-1-edited-300x200.png 300w\" sizes=\"auto, (max-width: 602px) 100vw, 602px\" \/><\/figure>\n\n\n\n<div id=\"wp-block-themeisle-blocks-advanced-columns-baf3b46f\" class=\"wp-block-themeisle-blocks-advanced-columns has-1-columns has-desktop-equal-layout has-tablet-equal-layout has-mobile-equal-layout has-vertical-unset\"><div class=\"wp-block-themeisle-blocks-advanced-columns-overlay\"><\/div><div class=\"innerblocks-wrap\">\n<div id=\"wp-block-themeisle-blocks-advanced-column-c038dfb2\" class=\"wp-block-themeisle-blocks-advanced-column\">\n<h4 class=\"wp-block-heading has-text-color has-link-color wp-elements-26aaf2bd68233635a4d5e4dc99994c05\" style=\"color:#070731\">\u00a1Estamos recaudando fondos!<\/h4>\n\n\n\n<p><strong>Primavera 2026<\/strong><\/p>\n\n\n\n<p class=\"has-text-align-left has-text-color has-link-color wp-elements-b09e1b430d21a63a206e4e71b20a118d\" style=\"color:#070731\">\u00a1Desbloquea el enorme potencial de Rovira Regenerativa comprometiendo tu contribuci\u00f3n ahora! <\/p>\n\n\n\n<h5 class=\"wp-block-heading has-text-align-center has-text-color\" style=\"color:#49b92f\"><a href=\"https:\/\/boodaville.org\/es\/estamos-recaudando-fondos-primavera-2026\/\" target=\"_blank\" rel=\"noopener\" title=\"\">M\u00c1S INFORMACI\u00d3N<\/a><\/h5>\n<\/div>\n<\/div><\/div>\n<\/div>\n<\/div><\/div>\n\n\n\n<div id=\"wp-block-themeisle-blocks-advanced-columns-157b2ae6\" class=\"wp-block-themeisle-blocks-advanced-columns alignfull has-3-columns has-desktop-equal-layout has-tablet-equal-layout has-mobile-collapsedRows-layout has-vertical-unset has-light-bg\"><div class=\"wp-block-themeisle-blocks-advanced-columns-overlay\"><\/div><div class=\"innerblocks-wrap\">\n<div id=\"wp-block-themeisle-blocks-advanced-column-a27c6240\" class=\"wp-block-themeisle-blocks-advanced-column has-light-bg\">\n<figure class=\"wp-block-image size-full\"><img loading=\"lazy\" decoding=\"async\" width=\"1187\" height=\"791\" src=\"https:\/\/boodaville.org\/wp-content\/uploads\/2026\/02\/inclusion-banner-edited-1.png\" alt=\"\" class=\"wp-image-11760\" srcset=\"https:\/\/boodaville.org\/wp-content\/uploads\/2026\/02\/inclusion-banner-edited-1.png 1187w, https:\/\/boodaville.org\/wp-content\/uploads\/2026\/02\/inclusion-banner-edited-1-300x200.png 300w, https:\/\/boodaville.org\/wp-content\/uploads\/2026\/02\/inclusion-banner-edited-1-1024x682.png 1024w, https:\/\/boodaville.org\/wp-content\/uploads\/2026\/02\/inclusion-banner-edited-1-768x512.png 768w, https:\/\/boodaville.org\/wp-content\/uploads\/2026\/02\/inclusion-banner-edited-1-930x620.png 930w\" sizes=\"auto, (max-width: 1187px) 100vw, 1187px\" \/><\/figure>\n\n\n\n<div id=\"wp-block-themeisle-blocks-advanced-columns-1c034e2d\" class=\"wp-block-themeisle-blocks-advanced-columns has-1-columns has-desktop-equal-layout has-tablet-equal-layout has-mobile-equal-layout has-vertical-unset\"><div class=\"wp-block-themeisle-blocks-advanced-columns-overlay\"><\/div><div class=\"innerblocks-wrap\">\n<div id=\"wp-block-themeisle-blocks-advanced-column-16db29a8\" class=\"wp-block-themeisle-blocks-advanced-column\">\n<h4 class=\"wp-block-heading has-text-color has-link-color wp-elements-af6b00d96c69d00cbcb5f6d5dd3e2032\" style=\"color:#070731\">El dise\u00f1o inclusivo en la pr\u00e1ctica<\/h4>\n\n\n\n<p><strong>5 de marzo de 2026<\/strong><\/p>\n\n\n\n<p class=\"has-text-align-left has-text-color has-link-color wp-elements-0e9bdc67d1ec735332f8d34c0f619cab\" style=\"color:#070731\">Utilizar la permacultura social para dise\u00f1ar equipos, eventos y comunidades m\u00e1s inclusivos.<\/p>\n\n\n\n<h5 class=\"wp-block-heading has-text-align-center has-text-color\" style=\"color:#49b92f\"><a href=\"https:\/\/sites.google.com\/view\/bdv-inclusion-workshop\/\" target=\"_blank\" rel=\"noopener\" title=\"\">M\u00c1S INFORMACI\u00d3N<\/a><\/h5>\n<\/div>\n<\/div><\/div>\n<\/div>\n\n\n\n<div id=\"wp-block-themeisle-blocks-advanced-column-628c80e2\" class=\"wp-block-themeisle-blocks-advanced-column has-light-bg\">\n<figure class=\"wp-block-image size-full wp-duotone-rgb214214214-rgb255255255-1\"><img loading=\"lazy\" decoding=\"async\" width=\"600\" height=\"400\" src=\"https:\/\/boodaville.org\/wp-content\/uploads\/2025\/11\/image-4.png\" alt=\"\" class=\"wp-image-11297\" srcset=\"https:\/\/boodaville.org\/wp-content\/uploads\/2025\/11\/image-4.png 600w, https:\/\/boodaville.org\/wp-content\/uploads\/2025\/11\/image-4-300x200.png 300w\" sizes=\"auto, (max-width: 600px) 100vw, 600px\" \/><\/figure>\n\n\n\n<div id=\"wp-block-themeisle-blocks-advanced-columns-9827e0d7\" class=\"wp-block-themeisle-blocks-advanced-columns has-1-columns has-desktop-equal-layout has-tablet-equal-layout has-mobile-equal-layout has-vertical-unset\"><div class=\"wp-block-themeisle-blocks-advanced-columns-overlay\"><\/div><div class=\"innerblocks-wrap\">\n<div id=\"wp-block-themeisle-blocks-advanced-column-fa526522\" class=\"wp-block-themeisle-blocks-advanced-column\">\n<h4 class=\"wp-block-heading has-text-color has-link-color wp-elements-6d0e7854365d13c347596fefecfa5f24\" style=\"color:#070731\">M\u00e1s oportunidades por venir&#8230;<\/h4>\n<\/div>\n<\/div><\/div>\n<\/div>\n\n\n\n<div id=\"wp-block-themeisle-blocks-advanced-column-4c99a463\" class=\"wp-block-themeisle-blocks-advanced-column has-light-bg\">\n<figure class=\"wp-block-image size-full wp-duotone-rgb214214214-rgb255255255-2\"><img loading=\"lazy\" decoding=\"async\" width=\"600\" height=\"400\" src=\"https:\/\/boodaville.org\/wp-content\/uploads\/2025\/11\/image-4.png\" alt=\"\" class=\"wp-image-11297\" srcset=\"https:\/\/boodaville.org\/wp-content\/uploads\/2025\/11\/image-4.png 600w, https:\/\/boodaville.org\/wp-content\/uploads\/2025\/11\/image-4-300x200.png 300w\" sizes=\"auto, (max-width: 600px) 100vw, 600px\" \/><\/figure>\n\n\n\n<div id=\"wp-block-themeisle-blocks-advanced-columns-9d6b9682\" class=\"wp-block-themeisle-blocks-advanced-columns has-1-columns has-desktop-equal-layout has-tablet-equal-layout has-mobile-equal-layout has-vertical-unset\"><div class=\"wp-block-themeisle-blocks-advanced-columns-overlay\"><\/div><div class=\"innerblocks-wrap\">\n<div id=\"wp-block-themeisle-blocks-advanced-column-7e82a2c2\" class=\"wp-block-themeisle-blocks-advanced-column\">\n<h4 class=\"wp-block-heading has-text-color has-link-color wp-elements-6d0e7854365d13c347596fefecfa5f24\" style=\"color:#070731\">M\u00e1s oportunidades por venir&#8230;<\/h4>\n<\/div>\n<\/div><\/div>\n<\/div>\n<\/div><\/div>\n","protected":false},"excerpt":{"rendered":"<p>La mejor manera de seguirnos es en el canal de Telegram<\/p>\n","protected":false},"author":4,"featured_media":0,"parent":0,"menu_order":0,"comment_status":"closed","ping_status":"closed","template":"","meta":{"om_disable_all_campaigns":false,"_monsterinsights_skip_tracking":false,"_monsterinsights_sitenote_active":false,"_monsterinsights_sitenote_note":"","_monsterinsights_sitenote_category":0,"neve_meta_sidebar":"","neve_meta_container":"","neve_meta_enable_content_width":"","neve_meta_content_width":0,"neve_meta_title_alignment":"","neve_meta_author_avatar":"","neve_post_elements_order":"","neve_meta_disable_header":"","neve_meta_disable_footer":"","neve_meta_disable_title":"","_themeisle_gutenberg_block_has_review":false,"footnotes":""},"class_list":["post-11235","page","type-page","status-publish","hentry"],"aioseo_notices":[],"_links":{"self":[{"href":"https:\/\/boodaville.org\/es\/wp-json\/wp\/v2\/pages\/11235","targetHints":{"allow":["GET"]}}],"collection":[{"href":"https:\/\/boodaville.org\/es\/wp-json\/wp\/v2\/pages"}],"about":[{"href":"https:\/\/boodaville.org\/es\/wp-json\/wp\/v2\/types\/page"}],"author":[{"embeddable":true,"href":"https:\/\/boodaville.org\/es\/wp-json\/wp\/v2\/users\/4"}],"replies":[{"embeddable":true,"href":"https:\/\/boodaville.org\/es\/wp-json\/wp\/v2\/comments?post=11235"}],"version-history":[{"count":18,"href":"https:\/\/boodaville.org\/es\/wp-json\/wp\/v2\/pages\/11235\/revisions"}],"predecessor-version":[{"id":12284,"href":"https:\/\/boodaville.org\/es\/wp-json\/wp\/v2\/pages\/11235\/revisions\/12284"}],"wp:attachment":[{"href":"https:\/\/boodaville.org\/es\/wp-json\/wp\/v2\/media?parent=11235"}],"curies":[{"name":"wp","href":"https:\/\/api.w.org\/{rel}","templated":true}]}}