{"id":10224,"date":"2024-12-02T14:23:20","date_gmt":"2024-12-02T14:23:20","guid":{"rendered":"https:\/\/boodaville.org\/permacultura\/"},"modified":"2025-03-12T15:22:35","modified_gmt":"2025-03-12T15:22:35","slug":"permacultura","status":"publish","type":"page","link":"https:\/\/boodaville.org\/es\/permacultura\/","title":{"rendered":"Permacultura"},"content":{"rendered":"\n<div id=\"wp-block-themeisle-blocks-advanced-columns-e1ca32e1\" class=\"wp-block-themeisle-blocks-advanced-columns alignfull has-1-columns has-desktop-equal-layout has-tablet-equal-layout has-mobile-equal-layout has-vertical-unset\"><div class=\"wp-block-themeisle-blocks-advanced-columns-overlay\"><\/div><div class=\"innerblocks-wrap\">\n<div id=\"wp-block-themeisle-blocks-advanced-column-65b5ef21\" class=\"wp-block-themeisle-blocks-advanced-column\">\n<h1 id=\"wp-block-themeisle-blocks-advanced-heading-bb0c2df7\" class=\"wp-block-themeisle-blocks-advanced-heading wp-block-themeisle-blocks-advanced-heading-bb0c2df7\">  \u00bfQu\u00e9 es la permacultura?  <\/h1>\n<\/div>\n<\/div><\/div>\n\n<p>La permacultura est\u00e1 estrechamente relacionada con las ideas de \u00abSostenibilidad\u00bb, pero lleva esta idea un paso m\u00e1s all\u00e1. \u00bfY si pudi\u00e9ramos dejar el mundo vivo <em>mejor<\/em> de lo que lo encontramos? Nuestro objetivo es ser \u00abRegenerativos\u00bb.  <\/p>\n\n<p>El Dise\u00f1o de Permacultura tiene tres \u00e9ticas en su n\u00facleo: el cuidado de las personas, el cuidado de la tierra y el reparto equitativo para satisfacer nuestras necesidades. Ofrece principios de dise\u00f1o ecosocial que pueden aplicarse a cualquier sistema para que sea eficiente, eficaz, \u00e9tico y resiliente (que pueda resistir cambios bruscos\/choques).   <\/p>\n\n<p>La literatura y el contenido en l\u00ednea producidos sobre el dise\u00f1o permacultural demuestran miles de aplicaciones, entre ellas: agricultura regenerativa, estufas rocket, paisajes de retenci\u00f3n de agua, educaci\u00f3n hol\u00edstica, huertos productivos, econom\u00edas biorregionales, comunidades colaborativas y mucho m\u00e1s.<\/p>\n\n<div id=\"wp-block-themeisle-blocks-advanced-columns-05ed4a80\" class=\"wp-block-themeisle-blocks-advanced-columns has-1-columns has-desktop-equal-layout has-tablet-equal-layout has-mobile-equal-layout has-vertical-unset\"><div class=\"wp-block-themeisle-blocks-advanced-columns-overlay\"><\/div><div class=\"innerblocks-wrap\">\n<div id=\"wp-block-themeisle-blocks-advanced-column-df5bfaa6\" class=\"wp-block-themeisle-blocks-advanced-column\"><\/div>\n<\/div><\/div>\n\n<p><\/p>\n\n<div id=\"wp-block-themeisle-blocks-advanced-columns-8eb7ee29\" class=\"wp-block-themeisle-blocks-advanced-columns alignfull has-1-columns has-desktop-equal-layout has-tablet-equal-layout has-mobile-equal-layout has-vertical-unset\"><div class=\"wp-block-themeisle-blocks-advanced-columns-overlay\"><\/div><div class=\"innerblocks-wrap\">\n<div id=\"wp-block-themeisle-blocks-advanced-column-d47aa4c7\" class=\"wp-block-themeisle-blocks-advanced-column\">\n<h1 id=\"wp-block-themeisle-blocks-advanced-heading-45630df8\" class=\"wp-block-themeisle-blocks-advanced-heading wp-block-themeisle-blocks-advanced-heading-45630df8\">  \u00bfPOR QU\u00c9 PERMACULTURA?  <\/h1>\n<\/div>\n<\/div><\/div>\n\n<figure class=\"wp-block-pullquote\"><blockquote><p><em>\u00abLa permacultura es una filosof\u00eda de trabajo con la naturaleza, en lugar de contra ella; de observaci\u00f3n prolongada y reflexiva, en lugar de trabajo prolongado e irreflexivo; y de contemplar las plantas y los animales en todas sus funciones, en lugar de tratar cualquier \u00e1rea como un sistema de producto \u00fanico\u00bb<\/em><br\/><\/p><cite><em>&#8211; Bill Mollison (pionero de la permacultura)<\/em><\/cite><\/blockquote><\/figure>\n\n<p>Mucha gente sigue asociando la palabra permacultura a la agricultura, y la producci\u00f3n de alimentos es un \u00e1rea esencial para aplicar el dise\u00f1o permacultural, porque es una parte esencial de la vida. Sin embargo, el dise\u00f1o permacultural es aplicable a todos los \u00e1mbitos de la vida. Cada vez se desarrollan m\u00e1s recursos y ejemplos que muestran su uso en el desarrollo comunitario, el trabajo con personas y las organizaciones. La permacultura NO es s\u00f3lo agricultura, pero cada vez utilizamos m\u00e1s los t\u00e9rminos Dise\u00f1o Ecosocial y Culturas Regenerativas, \u00a1lo cual lo aclara m\u00e1s!     <\/p>\n\n<p>Aprender sobre Dise\u00f1o de Permacultura es un camino enorme y hermoso. Me llena de energ\u00eda y asombro cuando me detengo a observar y comprender mejor el mundo vivo, cuando conecto con proyectos incre\u00edbles y personas con sabidur\u00eda sobre c\u00f3mo hacer las cosas bien. Todos estamos en este viaje en lugares diferentes y avanzamos a velocidades distintas. Todos somos aprendices, maestros y activistas y, como reflexiona aqu\u00ed Daniel Wahl &#8230;.   <\/p>\n\n<p><em>\u00abTodos tenemos el poder de cambiar el mundo. De hecho, todos lo hacemos, cada d\u00eda, con todo lo que hacemos, \u00a1un poquito!   <\/em><\/p>\n\n<p><em>Todas nuestras acciones e inacciones contribuyen al tipo de mundo que creamos juntos\u00bb.<\/em><\/p>\n\n<p>Obt\u00e9n m\u00e1s informaci\u00f3n en nuestro <a href=\"https:\/\/www.boodaville.org\/blog\/\">blog<\/a>, donde compartimos nuestros libros favoritos, v\u00eddeos e informaci\u00f3n sobre proyectos y personas que nos encantan.<\/p>\n\n<p><\/p>\n","protected":false},"excerpt":{"rendered":"<p>La permacultura est\u00e1 estrechamente relacionada con las ideas de \u00abSostenibilidad\u00bb, pero lleva esta idea un paso m\u00e1s all\u00e1. \u00bfY si pudi\u00e9ramos dejar el mundo vivo mejor de lo que lo encontramos? Nuestro objetivo es ser \u00abRegenerativos\u00bb. El Dise\u00f1o de Permacultura tiene tres \u00e9ticas en su n\u00facleo: el cuidado de las personas, el cuidado de la&hellip;&nbsp;<a href=\"https:\/\/boodaville.org\/es\/permacultura\/\" rel=\"bookmark\">Leer m\u00e1s &raquo;<span class=\"screen-reader-text\">Permacultura<\/span><\/a><\/p>\n","protected":false},"author":1,"featured_media":0,"parent":0,"menu_order":5,"comment_status":"closed","ping_status":"closed","template":"","meta":{"om_disable_all_campaigns":false,"_monsterinsights_skip_tracking":false,"_monsterinsights_sitenote_active":false,"_monsterinsights_sitenote_note":"","_monsterinsights_sitenote_category":0,"neve_meta_sidebar":"","neve_meta_container":"","neve_meta_enable_content_width":"","neve_meta_content_width":0,"neve_meta_title_alignment":"","neve_meta_author_avatar":"","neve_post_elements_order":"","neve_meta_disable_header":"","neve_meta_disable_footer":"","neve_meta_disable_title":"","_themeisle_gutenberg_block_has_review":false,"footnotes":""},"class_list":["post-10224","page","type-page","status-publish","hentry"],"aioseo_notices":[],"_links":{"self":[{"href":"https:\/\/boodaville.org\/es\/wp-json\/wp\/v2\/pages\/10224","targetHints":{"allow":["GET"]}}],"collection":[{"href":"https:\/\/boodaville.org\/es\/wp-json\/wp\/v2\/pages"}],"about":[{"href":"https:\/\/boodaville.org\/es\/wp-json\/wp\/v2\/types\/page"}],"author":[{"embeddable":true,"href":"https:\/\/boodaville.org\/es\/wp-json\/wp\/v2\/users\/1"}],"replies":[{"embeddable":true,"href":"https:\/\/boodaville.org\/es\/wp-json\/wp\/v2\/comments?post=10224"}],"version-history":[{"count":1,"href":"https:\/\/boodaville.org\/es\/wp-json\/wp\/v2\/pages\/10224\/revisions"}],"predecessor-version":[{"id":10225,"href":"https:\/\/boodaville.org\/es\/wp-json\/wp\/v2\/pages\/10224\/revisions\/10225"}],"wp:attachment":[{"href":"https:\/\/boodaville.org\/es\/wp-json\/wp\/v2\/media?parent=10224"}],"curies":[{"name":"wp","href":"https:\/\/api.w.org\/{rel}","templated":true}]}}